{"id":151,"date":"2021-06-01T09:57:40","date_gmt":"2021-06-01T07:57:40","guid":{"rendered":"https:\/\/www.stl-software.de\/cms\/?page_id=151"},"modified":"2024-05-03T15:58:36","modified_gmt":"2024-05-03T13:58:36","slug":"trainingsmanagement-in-der-industrie","status":"publish","type":"page","link":"https:\/\/www.cimoio.de\/cms\/branchenloesungen\/trainingsmanagement-in-der-industrie\/","title":{"rendered":"Trainingsmanagement in der Industrie"},"content":{"rendered":"\n[et_pb_section fb_built=&#8220;1&#8243; _builder_version=&#8220;4.16&#8243; _module_preset=&#8220;74e3c6fb-647a-49bb-96a6-4a121c7b7aae&#8220; global_colors_info=&#8220;{}&#8220;][et_pb_row column_structure=&#8220;1_3,2_3&#8243; _builder_version=&#8220;4.16&#8243; _module_preset=&#8220;default&#8220; animation_style=&#8220;zoom&#8220; animation_intensity_zoom=&#8220;10%&#8220; global_colors_info=&#8220;{}&#8220;][et_pb_column type=&#8220;1_3&#8243; _builder_version=&#8220;4.16&#8243; _module_preset=&#8220;default&#8220; global_colors_info=&#8220;{}&#8220;][et_pb_image src=&#8220;https:\/\/www.cimoio.de\/cms\/wp-content\/uploads\/2021\/12\/Branche-Industrie-Sinnbild-Frachthafen-4.png&#8220; alt=&#8220;Ein schwarz-wei\u00df Bild eines Frachthafens mit einem Lastkran und einem Schiff, dessen Bug blau gef\u00e4rbt ist.&#8220; title_text=&#8220;Branche-Industrie-Sinnbild-Frachthafen&#8220; _builder_version=&#8220;4.16&#8243; _module_preset=&#8220;default&#8220; box_shadow_style=&#8220;preset3&#8243; global_colors_info=&#8220;{}&#8220;][\/et_pb_image][\/et_pb_column][et_pb_column type=&#8220;2_3&#8243; _builder_version=&#8220;4.16&#8243; _module_preset=&#8220;default&#8220; global_colors_info=&#8220;{}&#8220;][et_pb_text _builder_version=&#8220;4.22.0&#8243; _module_preset=&#8220;6aefb096-509e-4f36-a71e-e71a8d1d6284&#8243; global_colors_info=&#8220;{}&#8220;]<h1>Trainingsmanagement in der Industrie<\/h1>[\/et_pb_text][et_pb_divider color=&#8220;#29c4a9&#8243; divider_weight=&#8220;4px&#8220; disabled_on=&#8220;on|on|off&#8220; _builder_version=&#8220;4.21.0&#8243; background_size=&#8220;initial&#8220; background_position=&#8220;top_left&#8220; background_repeat=&#8220;repeat&#8220; max_width=&#8220;40px&#8220; module_alignment=&#8220;left&#8220; custom_margin=&#8220;||10px|&#8220; animation_style=&#8220;zoom&#8220; animation_direction=&#8220;left&#8220; global_module=&#8220;1979&#8243; saved_tabs=&#8220;all&#8220; locked=&#8220;off&#8220; global_colors_info=&#8220;{}&#8220;][\/et_pb_divider][et_pb_text _builder_version=&#8220;4.22.0&#8243; _module_preset=&#8220;default&#8220; text_text_color=&#8220;#FFFFFF&#8220; custom_padding=&#8220;||0px|||&#8220; hover_enabled=&#8220;0&#8243; global_colors_info=&#8220;{}&#8220; sticky_enabled=&#8220;0&#8243;]<p style=\"text-align: justify;\"><strong>Learning Management System cimoio<\/strong> f\u00fcr das Trainingsmanagement in der Industrie. Trainings in der Industrie sind einerseits nach innen gerichtet, im Sinne von Personalentwicklung, um Arbeitskr\u00e4fte aufzubauen und an sich zu binden und st\u00e4ndig in Bezug auf die eigenen Produkte auf dem aktuellen Stand zu halten. Auf der anderen Seite gibt es die Produkttrainings, die sich an die Nutzer der Produkte wenden. In beiden F\u00e4llen ist praktisch immer eine Anbindung an Systeme f\u00fcr Mitarbeiter-Daten oder Kundendaten notwendig. Deshalb haben wir ein mehrfach erprobtes Vorgehen, solche Schnittstellen zu planen und umzusetzen.<\/p>[\/et_pb_text][\/et_pb_column][\/et_pb_row][\/et_pb_section][et_pb_section fb_built=&#8220;1&#8243; _builder_version=&#8220;4.16&#8243; _module_preset=&#8220;20b438f1-e298-4877-8981-72198881efe1&#8243; global_colors_info=&#8220;{}&#8220;][et_pb_row column_structure=&#8220;3_4,1_4&#8243; _builder_version=&#8220;4.16&#8243; _module_preset=&#8220;default&#8220; animation_style=&#8220;zoom&#8220; animation_intensity_zoom=&#8220;10%&#8220; global_colors_info=&#8220;{}&#8220;][et_pb_column type=&#8220;3_4&#8243; _builder_version=&#8220;4.16&#8243; _module_preset=&#8220;default&#8220; global_colors_info=&#8220;{}&#8220;][et_pb_text _builder_version=&#8220;4.22.0&#8243; _module_preset=&#8220;_initial&#8220; custom_padding=&#8220;||0px|||&#8220; global_colors_info=&#8220;{}&#8220;]<h2>Besondere Herausforderungen im Trainingsmanagement in der Industrie<\/h2>[\/et_pb_text][et_pb_divider color=&#8220;#29c4a9&#8243; divider_weight=&#8220;4px&#8220; disabled_on=&#8220;on|on|off&#8220; _builder_version=&#8220;4.21.0&#8243; background_size=&#8220;initial&#8220; background_position=&#8220;top_left&#8220; background_repeat=&#8220;repeat&#8220; max_width=&#8220;40px&#8220; module_alignment=&#8220;left&#8220; custom_margin=&#8220;||10px|&#8220; animation_style=&#8220;zoom&#8220; animation_direction=&#8220;left&#8220; global_module=&#8220;1979&#8243; saved_tabs=&#8220;all&#8220; locked=&#8220;off&#8220; global_colors_info=&#8220;{}&#8220;][\/et_pb_divider][et_pb_text _builder_version=&#8220;4.22.0&#8243; _module_preset=&#8220;default&#8220; custom_padding=&#8220;||0px|||&#8220; global_colors_info=&#8220;{}&#8220;]<p style=\"text-align: justify;\">Die Komplexit\u00e4t von Trainingsmanagementsystemen in der Industrie entstehen aus dem oben beschriebenen Konflikt. Dieser besteht zwischen mehreren Verantwortlichen f\u00fcr Trainings &#8211; also: zwischen der Personalentwicklung und der Produktsparte. Aber auch durch die reine Gr\u00f6\u00dfe des Unternehmens wird die Komplexit\u00e4t f\u00fcr ein zentrals Trainingsmanagementsystem h\u00f6her. Ist das Industrie-Unternehmen international aufgestellt, sollten das Thema der mehrsprachigen Auspr\u00e4gung von Trainings und gegebenenfalls auch nicht-lateinische Schriftzeichen ber\u00fccksichtigt werden. Au\u00dferdem nutzen Industrie-Unternehmen f\u00fcr gew\u00f6hnlich ERPs f\u00fcr ihre Buchhaltung und Stammdatenhaltung, was zu einem Bedarf f\u00fcr Schnittstellen f\u00fchrt.<\/p>[\/et_pb_text][\/et_pb_column][et_pb_column type=&#8220;1_4&#8243; _builder_version=&#8220;4.16&#8243; _module_preset=&#8220;default&#8220; global_colors_info=&#8220;{}&#8220;][\/et_pb_column][\/et_pb_row][\/et_pb_section][et_pb_section fb_built=&#8220;1&#8243; _builder_version=&#8220;4.16&#8243; _module_preset=&#8220;74e3c6fb-647a-49bb-96a6-4a121c7b7aae&#8220; global_colors_info=&#8220;{}&#8220;][et_pb_row column_structure=&#8220;1_4,3_4&#8243; _builder_version=&#8220;4.16&#8243; _module_preset=&#8220;default&#8220; animation_style=&#8220;zoom&#8220; animation_intensity_zoom=&#8220;10%&#8220; global_colors_info=&#8220;{}&#8220;][et_pb_column type=&#8220;1_4&#8243; _builder_version=&#8220;4.16&#8243; _module_preset=&#8220;default&#8220; global_colors_info=&#8220;{}&#8220;][\/et_pb_column][et_pb_column type=&#8220;3_4&#8243; _builder_version=&#8220;4.16&#8243; _module_preset=&#8220;default&#8220; global_colors_info=&#8220;{}&#8220;][et_pb_text _builder_version=&#8220;4.16&#8243; _module_preset=&#8220;default&#8220; custom_padding=&#8220;||0px|||&#8220; global_colors_info=&#8220;{}&#8220;]<h2><span style=\"color: #ffffff\">Beispielprojekte in der Industrie<\/span><\/h2>[\/et_pb_text][et_pb_divider color=&#8220;#29c4a9&#8243; divider_weight=&#8220;4px&#8220; disabled_on=&#8220;on|on|off&#8220; _builder_version=&#8220;4.21.0&#8243; background_size=&#8220;initial&#8220; background_position=&#8220;top_left&#8220; background_repeat=&#8220;repeat&#8220; max_width=&#8220;40px&#8220; module_alignment=&#8220;left&#8220; custom_margin=&#8220;||10px|&#8220; animation_style=&#8220;zoom&#8220; animation_direction=&#8220;left&#8220; global_module=&#8220;1979&#8243; saved_tabs=&#8220;all&#8220; locked=&#8220;off&#8220; global_colors_info=&#8220;{}&#8220;][\/et_pb_divider][et_pb_text _builder_version=&#8220;4.22.0&#8243; _module_preset=&#8220;6aefb096-509e-4f36-a71e-e71a8d1d6284&#8243; global_colors_info=&#8220;{}&#8220;]<p>Eine Erfolgsgeschichte ist unser Projekt mit der Firma <a href=\"https:\/\/www.kuka.com\/de-de\" target=\"_blank\" rel=\"noopener\" title=\"Website der Firma KUKA\">KUKA<\/a> &#8211; ein klassisches Beispiel f\u00fcr eine Anwendung von cimoio in der Industrie. Bei KUKA werden sowohl die internen Personalentwicklungstrainings als auch Produkttrainings \u00fcber cimoio verarbeitet. Dabei werden die Produkttrainings nicht nur extern f\u00fcr Kunden angeboten sondern auch intern f\u00fcr Mitarbeiter. Lesen Sie mehr in den <a href=\"https:\/\/www.cimoio.de\/cms\/erfolgsgeschichten\/\" title=\"Link zu den Erfolgsgeschichten\">Erfolgsgeschichten<\/a>.<\/p>[\/et_pb_text][\/et_pb_column][\/et_pb_row][\/et_pb_section][et_pb_section fb_built=&#8220;1&#8243; _builder_version=&#8220;4.16&#8243; _module_preset=&#8220;20b438f1-e298-4877-8981-72198881efe1&#8243; locked=&#8220;off&#8220; global_colors_info=&#8220;{}&#8220;][et_pb_row _builder_version=&#8220;4.16&#8243; _module_preset=&#8220;default&#8220; locked=&#8220;off&#8220; global_colors_info=&#8220;{}&#8220;][et_pb_column type=&#8220;4_4&#8243; _builder_version=&#8220;4.16&#8243; _module_preset=&#8220;default&#8220; global_colors_info=&#8220;{}&#8220;][et_pb_divider _builder_version=&#8220;4.16&#8243; _module_preset=&#8220;default&#8220; global_colors_info=&#8220;{}&#8220;][\/et_pb_divider][\/et_pb_column][\/et_pb_row][et_pb_row column_structure=&#8220;1_2,1_2&#8243; module_class=&#8220;FlexRow&#8220; _builder_version=&#8220;4.16&#8243; _module_preset=&#8220;default&#8220; animation_style=&#8220;zoom&#8220; animation_intensity_zoom=&#8220;10%&#8220; global_colors_info=&#8220;{}&#8220;][et_pb_column type=&#8220;1_2&#8243; _builder_version=&#8220;4.16&#8243; _module_preset=&#8220;default&#8220; global_colors_info=&#8220;{}&#8220;][et_pb_cta title=&#8220;cimoio passt sich modular an Sie an!&#8220; button_url=&#8220;@ET-DC@eyJkeW5hbWljIjp0cnVlLCJjb250ZW50IjoicG9zdF9saW5rX3VybF9wYWdlIiwic2V0dGluZ3MiOnsicG9zdF9pZCI6IjMyMiJ9fQ==@&#8220; button_text=&#8220;Lesen Sie mehr&#8220; _builder_version=&#8220;4.9.10&#8243; _dynamic_attributes=&#8220;button_url&#8220; _module_preset=&#8220;14cdcb01-e127-4c34-9ba1-038b96599f80&#8243; global_module=&#8220;1907&#8243; global_colors_info=&#8220;{}&#8220;]<p>Hier finden Sie mehr Informationen zum Basismodul aber auch zu den weiteren Modulen, die Sie individuell und nach Bedarf hinzuf\u00fcgen k\u00f6nnen, um mit cimoio ihre Prozesse unterst\u00fctzen zu k\u00f6nnen.<\/p>\n[\/et_pb_cta][\/et_pb_column][et_pb_column type=&#8220;1_2&#8243; _builder_version=&#8220;4.16&#8243; _module_preset=&#8220;default&#8220; global_colors_info=&#8220;{}&#8220;][et_pb_cta title=&#8220;Erfolgsgeschichten mit cimoio&#8220; button_url=&#8220;@ET-DC@eyJkeW5hbWljIjp0cnVlLCJjb250ZW50IjoicG9zdF9saW5rX3VybF9wYWdlIiwic2V0dGluZ3MiOnsicG9zdF9pZCI6IjIzODMifX0=@&#8220; button_text=&#8220;Lesen Sie mehr&#8220; _builder_version=&#8220;4.14.8&#8243; _dynamic_attributes=&#8220;button_url&#8220; _module_preset=&#8220;14cdcb01-e127-4c34-9ba1-038b96599f80&#8243; global_module=&#8220;1905&#8243; global_colors_info=&#8220;{}&#8220;]<p>Hier finden Sie mehr Informationen zu Projekten, in denen wir cimoio erfolgreich bei Kunden eingef\u00fchrt haben und an die Bed\u00fcrfnisse ihrer Gesch\u00e4ftsprozesse angepasst haben.<\/p>\n[\/et_pb_cta][\/et_pb_column][\/et_pb_row][\/et_pb_section]\n","protected":false},"excerpt":{"rendered":"<p>Trainingsmanagement in der IndustrieLearning Management System cimoio f\u00fcr das Trainingsmanagement in der Industrie. Trainings in der Industrie sind einerseits nach innen gerichtet, im Sinne von Personalentwicklung, um Arbeitskr\u00e4fte aufzubauen und an sich zu binden und st\u00e4ndig in Bezug auf die eigenen Produkte auf dem aktuellen Stand zu halten. Auf der anderen Seite gibt es die [&hellip;]<\/p>\n","protected":false},"author":3,"featured_media":0,"parent":236,"menu_order":32,"comment_status":"closed","ping_status":"closed","template":"","meta":{"_et_pb_use_builder":"on","_et_pb_old_content":"","_et_gb_content_width":"","inline_featured_image":false,"footnotes":""},"class_list":["post-151","page","type-page","status-publish","hentry"],"yoast_head":"<!-- This site is optimized with the Yoast SEO plugin v27.2 - https:\/\/yoast.com\/product\/yoast-seo-wordpress\/ -->\n<title>Trainingsmanagement in der Industrie | cimoio<\/title>\n<meta name=\"description\" content=\"Learning Management System - cimoio \u25b6\ufe0f Trainingsmanagement in der Industrie \ud83d\udcda Erfahren Sie mehr \u00fcber unsere Plattform. \u261d\ufe0f\" \/>\n<meta name=\"robots\" content=\"index, follow, max-snippet:-1, max-image-preview:large, max-video-preview:-1\" \/>\n<link rel=\"canonical\" href=\"https:\/\/www.cimoio.de\/cms\/branchenloesungen\/trainingsmanagement-in-der-industrie\/\" \/>\n<meta property=\"og:locale\" content=\"de_DE\" \/>\n<meta property=\"og:type\" content=\"article\" \/>\n<meta property=\"og:title\" content=\"Trainingsmanagement in der Industrie | cimoio\" \/>\n<meta property=\"og:description\" content=\"Learning Management System - cimoio \u25b6\ufe0f Trainingsmanagement in der Industrie \ud83d\udcda Erfahren Sie mehr \u00fcber unsere Plattform. \u261d\ufe0f\" \/>\n<meta property=\"og:url\" content=\"https:\/\/www.cimoio.de\/cms\/branchenloesungen\/trainingsmanagement-in-der-industrie\/\" \/>\n<meta property=\"og:site_name\" content=\"cimoio\" \/>\n<meta property=\"article:modified_time\" content=\"2024-05-03T13:58:36+00:00\" \/>\n<meta name=\"twitter:card\" content=\"summary_large_image\" \/>\n<script type=\"application\/ld+json\" class=\"yoast-schema-graph\">{\"@context\":\"https:\/\/schema.org\",\"@graph\":[{\"@type\":\"WebPage\",\"@id\":\"https:\/\/www.cimoio.de\/cms\/branchenloesungen\/trainingsmanagement-in-der-industrie\/\",\"url\":\"https:\/\/www.cimoio.de\/cms\/branchenloesungen\/trainingsmanagement-in-der-industrie\/\",\"name\":\"Trainingsmanagement in der Industrie | cimoio\",\"isPartOf\":{\"@id\":\"https:\/\/www.cimoio.de\/cms\/#website\"},\"datePublished\":\"2021-06-01T07:57:40+00:00\",\"dateModified\":\"2024-05-03T13:58:36+00:00\",\"description\":\"Learning Management System - cimoio \u25b6\ufe0f Trainingsmanagement in der Industrie \ud83d\udcda Erfahren Sie mehr \u00fcber unsere Plattform. \u261d\ufe0f\",\"breadcrumb\":{\"@id\":\"https:\/\/www.cimoio.de\/cms\/branchenloesungen\/trainingsmanagement-in-der-industrie\/#breadcrumb\"},\"inLanguage\":\"de\",\"potentialAction\":[{\"@type\":\"ReadAction\",\"target\":[\"https:\/\/www.cimoio.de\/cms\/branchenloesungen\/trainingsmanagement-in-der-industrie\/\"]}]},{\"@type\":\"BreadcrumbList\",\"@id\":\"https:\/\/www.cimoio.de\/cms\/branchenloesungen\/trainingsmanagement-in-der-industrie\/#breadcrumb\",\"itemListElement\":[{\"@type\":\"ListItem\",\"position\":1,\"name\":\"Home\",\"item\":\"https:\/\/www.cimoio.de\/cms\/\"},{\"@type\":\"ListItem\",\"position\":2,\"name\":\"cimoio die Branchenl\u00f6sung f\u00fcr Trainingsmanagement\",\"item\":\"https:\/\/www.cimoio.de\/cms\/branchenloesungen\/\"},{\"@type\":\"ListItem\",\"position\":3,\"name\":\"Trainingsmanagement in der Industrie\"}]},{\"@type\":\"WebSite\",\"@id\":\"https:\/\/www.cimoio.de\/cms\/#website\",\"url\":\"https:\/\/www.cimoio.de\/cms\/\",\"name\":\"cimoio\",\"description\":\"Trainingsmanagement Software f\u00fcr Unternehmen\",\"publisher\":{\"@id\":\"https:\/\/www.cimoio.de\/cms\/#organization\"},\"potentialAction\":[{\"@type\":\"SearchAction\",\"target\":{\"@type\":\"EntryPoint\",\"urlTemplate\":\"https:\/\/www.cimoio.de\/cms\/?s={search_term_string}\"},\"query-input\":{\"@type\":\"PropertyValueSpecification\",\"valueRequired\":true,\"valueName\":\"search_term_string\"}}],\"inLanguage\":\"de\"},{\"@type\":\"Organization\",\"@id\":\"https:\/\/www.cimoio.de\/cms\/#organization\",\"name\":\"STL GmbH\",\"url\":\"https:\/\/www.cimoio.de\/cms\/\",\"logo\":{\"@type\":\"ImageObject\",\"inLanguage\":\"de\",\"@id\":\"https:\/\/www.cimoio.de\/cms\/#\/schema\/logo\/image\/\",\"url\":\"https:\/\/www.cimoio.de\/cms\/wp-content\/uploads\/2021\/04\/Logo_stl_mc_cyan_1673x261.png\",\"contentUrl\":\"https:\/\/www.cimoio.de\/cms\/wp-content\/uploads\/2021\/04\/Logo_stl_mc_cyan_1673x261.png\",\"width\":1673,\"height\":261,\"caption\":\"STL GmbH\"},\"image\":{\"@id\":\"https:\/\/www.cimoio.de\/cms\/#\/schema\/logo\/image\/\"},\"sameAs\":[\"https:\/\/de.linkedin.com\/company\/stl-gmbh\"]}]}<\/script>\n<!-- \/ Yoast SEO plugin. -->","yoast_head_json":{"title":"Trainingsmanagement in der Industrie | cimoio","description":"Learning Management System - cimoio \u25b6\ufe0f Trainingsmanagement in der Industrie \ud83d\udcda Erfahren Sie mehr \u00fcber unsere Plattform. \u261d\ufe0f","robots":{"index":"index","follow":"follow","max-snippet":"max-snippet:-1","max-image-preview":"max-image-preview:large","max-video-preview":"max-video-preview:-1"},"canonical":"https:\/\/www.cimoio.de\/cms\/branchenloesungen\/trainingsmanagement-in-der-industrie\/","og_locale":"de_DE","og_type":"article","og_title":"Trainingsmanagement in der Industrie | cimoio","og_description":"Learning Management System - cimoio \u25b6\ufe0f Trainingsmanagement in der Industrie \ud83d\udcda Erfahren Sie mehr \u00fcber unsere Plattform. \u261d\ufe0f","og_url":"https:\/\/www.cimoio.de\/cms\/branchenloesungen\/trainingsmanagement-in-der-industrie\/","og_site_name":"cimoio","article_modified_time":"2024-05-03T13:58:36+00:00","twitter_card":"summary_large_image","schema":{"@context":"https:\/\/schema.org","@graph":[{"@type":"WebPage","@id":"https:\/\/www.cimoio.de\/cms\/branchenloesungen\/trainingsmanagement-in-der-industrie\/","url":"https:\/\/www.cimoio.de\/cms\/branchenloesungen\/trainingsmanagement-in-der-industrie\/","name":"Trainingsmanagement in der Industrie | cimoio","isPartOf":{"@id":"https:\/\/www.cimoio.de\/cms\/#website"},"datePublished":"2021-06-01T07:57:40+00:00","dateModified":"2024-05-03T13:58:36+00:00","description":"Learning Management System - cimoio \u25b6\ufe0f Trainingsmanagement in der Industrie \ud83d\udcda Erfahren Sie mehr \u00fcber unsere Plattform. \u261d\ufe0f","breadcrumb":{"@id":"https:\/\/www.cimoio.de\/cms\/branchenloesungen\/trainingsmanagement-in-der-industrie\/#breadcrumb"},"inLanguage":"de","potentialAction":[{"@type":"ReadAction","target":["https:\/\/www.cimoio.de\/cms\/branchenloesungen\/trainingsmanagement-in-der-industrie\/"]}]},{"@type":"BreadcrumbList","@id":"https:\/\/www.cimoio.de\/cms\/branchenloesungen\/trainingsmanagement-in-der-industrie\/#breadcrumb","itemListElement":[{"@type":"ListItem","position":1,"name":"Home","item":"https:\/\/www.cimoio.de\/cms\/"},{"@type":"ListItem","position":2,"name":"cimoio die Branchenl\u00f6sung f\u00fcr Trainingsmanagement","item":"https:\/\/www.cimoio.de\/cms\/branchenloesungen\/"},{"@type":"ListItem","position":3,"name":"Trainingsmanagement in der Industrie"}]},{"@type":"WebSite","@id":"https:\/\/www.cimoio.de\/cms\/#website","url":"https:\/\/www.cimoio.de\/cms\/","name":"cimoio","description":"Trainingsmanagement Software f\u00fcr Unternehmen","publisher":{"@id":"https:\/\/www.cimoio.de\/cms\/#organization"},"potentialAction":[{"@type":"SearchAction","target":{"@type":"EntryPoint","urlTemplate":"https:\/\/www.cimoio.de\/cms\/?s={search_term_string}"},"query-input":{"@type":"PropertyValueSpecification","valueRequired":true,"valueName":"search_term_string"}}],"inLanguage":"de"},{"@type":"Organization","@id":"https:\/\/www.cimoio.de\/cms\/#organization","name":"STL GmbH","url":"https:\/\/www.cimoio.de\/cms\/","logo":{"@type":"ImageObject","inLanguage":"de","@id":"https:\/\/www.cimoio.de\/cms\/#\/schema\/logo\/image\/","url":"https:\/\/www.cimoio.de\/cms\/wp-content\/uploads\/2021\/04\/Logo_stl_mc_cyan_1673x261.png","contentUrl":"https:\/\/www.cimoio.de\/cms\/wp-content\/uploads\/2021\/04\/Logo_stl_mc_cyan_1673x261.png","width":1673,"height":261,"caption":"STL GmbH"},"image":{"@id":"https:\/\/www.cimoio.de\/cms\/#\/schema\/logo\/image\/"},"sameAs":["https:\/\/de.linkedin.com\/company\/stl-gmbh"]}]}},"_links":{"self":[{"href":"https:\/\/www.cimoio.de\/cms\/wp-json\/wp\/v2\/pages\/151","targetHints":{"allow":["GET"]}}],"collection":[{"href":"https:\/\/www.cimoio.de\/cms\/wp-json\/wp\/v2\/pages"}],"about":[{"href":"https:\/\/www.cimoio.de\/cms\/wp-json\/wp\/v2\/types\/page"}],"author":[{"embeddable":true,"href":"https:\/\/www.cimoio.de\/cms\/wp-json\/wp\/v2\/users\/3"}],"replies":[{"embeddable":true,"href":"https:\/\/www.cimoio.de\/cms\/wp-json\/wp\/v2\/comments?post=151"}],"version-history":[{"count":34,"href":"https:\/\/www.cimoio.de\/cms\/wp-json\/wp\/v2\/pages\/151\/revisions"}],"predecessor-version":[{"id":4708,"href":"https:\/\/www.cimoio.de\/cms\/wp-json\/wp\/v2\/pages\/151\/revisions\/4708"}],"up":[{"embeddable":true,"href":"https:\/\/www.cimoio.de\/cms\/wp-json\/wp\/v2\/pages\/236"}],"wp:attachment":[{"href":"https:\/\/www.cimoio.de\/cms\/wp-json\/wp\/v2\/media?parent=151"}],"curies":[{"name":"wp","href":"https:\/\/api.w.org\/{rel}","templated":true}]}}