{"id":2383,"date":"2021-12-14T11:25:18","date_gmt":"2021-12-14T10:25:18","guid":{"rendered":"https:\/\/www.cimoio.de\/cms\/?page_id=2383"},"modified":"2025-04-23T17:00:48","modified_gmt":"2025-04-23T15:00:48","slug":"erfolgsgeschichten","status":"publish","type":"page","link":"https:\/\/www.cimoio.de\/cms\/erfolgsgeschichten\/","title":{"rendered":"STL GmbH Erfolgsgeschichten mit cimoio"},"content":{"rendered":"<p>[et_pb_section fb_built=&#8220;1&#8243; _builder_version=&#8220;4.16&#8243; _module_preset=&#8220;74e3c6fb-647a-49bb-96a6-4a121c7b7aae&#8220; global_colors_info=&#8220;{}&#8220;][et_pb_row _builder_version=&#8220;4.16&#8243; _module_preset=&#8220;default&#8220; animation_style=&#8220;zoom&#8220; animation_intensity_zoom=&#8220;10%&#8220; global_colors_info=&#8220;{}&#8220;][et_pb_column type=&#8220;4_4&#8243; _builder_version=&#8220;4.16&#8243; _module_preset=&#8220;default&#8220; global_colors_info=&#8220;{}&#8220;][et_pb_text _builder_version=&#8220;4.16&#8243; _module_preset=&#8220;6aefb096-509e-4f36-a71e-e71a8d1d6284&#8243; global_colors_info=&#8220;{}&#8220;]<\/p>\n<h1>STL GmbH Erfolgsgeschichten unserer Kund:innen mit cimoio<\/h1>\n<p>[\/et_pb_text][et_pb_divider color=&#8220;#29c4a9&#8243; divider_weight=&#8220;4px&#8220; disabled_on=&#8220;on|on|off&#8220; _builder_version=&#8220;4.21.0&#8243; background_size=&#8220;initial&#8220; background_position=&#8220;top_left&#8220; background_repeat=&#8220;repeat&#8220; max_width=&#8220;40px&#8220; module_alignment=&#8220;left&#8220; custom_margin=&#8220;||10px|&#8220; animation_style=&#8220;zoom&#8220; animation_direction=&#8220;left&#8220; global_module=&#8220;1979&#8243; saved_tabs=&#8220;all&#8220; locked=&#8220;off&#8220; global_colors_info=&#8220;{}&#8220;][\/et_pb_divider][et_pb_text _builder_version=&#8220;4.22.1&#8243; _module_preset=&#8220;6aefb096-509e-4f36-a71e-e71a8d1d6284&#8243; global_colors_info=&#8220;{}&#8220;]<\/p>\n<p>Unsere Kund:innen sind teilweise seit Gr\u00fcndung der <a href=\"https:\/\/www.stl-software.de\/cms\/\" target=\"_blank\" rel=\"noopener\" title=\"Website der STL GmbH\">STL GmbH<\/a> bei uns, manche erst seit diesem Jahr. Und unsere Kund:innen kommen aus <a href=\"\/cms\/branchenloesungen\/\" title=\"verschiedene Branchenl\u00f6sungen\">verschiedenen Branchen<\/a>. Was sie alle vereint ist, dass wir zusammen Systeme aufgebaut haben, die alle die selbe Software zugrunde liegen haben: <strong>cimoio<\/strong>. Manche arbeiten einfach nur mit dem <a href=\"\/cms\/cimoio-und-module\/basismodul\/\" target=\"_blank\" rel=\"noopener\" title=\"cimoios Basis-Modul\">Basis-Modul<\/a> &#8211; andere erg\u00e4nzen es mit <a href=\"\/cms\/cimoio-und-module\/modules-technical\/\" title=\"cimoio - zus\u00e4tzliche technische Module\">zus\u00e4tzlichen Modulen<\/a> &#8211; und wieder andere nehmen starke Ver\u00e4nderungen am System vor, damit ihre speziellen Prozesse End-to-End unterst\u00fctzt werden. F\u00fcr welchen Weg auch immer Sie sich entscheiden: die STL GmbH unterst\u00fctzt sie bei allen Fragen und Anforderungen.<\/p>\n<p style=\"text-align: center\"><strong>Lassen Sie sich von den Erfolgsgeschichten unserer Kunden\u00a0 inspirieren!<\/strong><\/p>\n<p>Diese Seite ist noch im Aufbau! Besuchen Sie uns bald wieder &#8211; denn nach und nach werden wir hier weitere Erfolgsgeschichten ver\u00f6ffentlichen.<\/p>\n<p>[\/et_pb_text][\/et_pb_column][\/et_pb_row][\/et_pb_section][et_pb_section fb_built=&#8220;1&#8243; _builder_version=&#8220;4.16&#8243; _module_preset=&#8220;20b438f1-e298-4877-8981-72198881efe1&#8243; global_colors_info=&#8220;{}&#8220;][et_pb_row _builder_version=&#8220;4.16&#8243; _module_preset=&#8220;default&#8220; animation_style=&#8220;slide&#8220; animation_direction=&#8220;right&#8220; animation_intensity_slide=&#8220;10%&#8220; hover_enabled=&#8220;0&#8243; global_colors_info=&#8220;{}&#8220; sticky_enabled=&#8220;0&#8243;][et_pb_column type=&#8220;4_4&#8243; _builder_version=&#8220;4.16&#8243; _module_preset=&#8220;default&#8220; global_colors_info=&#8220;{}&#8220;][et_pb_filterable_portfolio fullwidth=&#8220;off&#8220; posts_number=&#8220;16&#8243; include_categories=&#8220;210,216,207,214,218,212&#8243; show_categories=&#8220;off&#8220; zoom_icon_color=&#8220;#009fe3&#8243; hover_overlay_color=&#8220;#FFFFFF&#8220; hover_icon=&#8220;&#x54;||divi||400&#8243; module_class=&#8220;pa-portfolio-image-1-1&#8243; _builder_version=&#8220;4.27.4&#8243; _module_preset=&#8220;default&#8220; title_font=&#8220;|||on|||||&#8220; title_text_align=&#8220;center&#8220; filter_font=&#8220;|700||||on|||&#8220; caption_font=&#8220;|||on|||||&#8220; caption_text_align=&#8220;center&#8220; text_orientation=&#8220;left&#8220; custom_padding=&#8220;||||false|false&#8220; hover_enabled=&#8220;0&#8243; custom_css_active_portfolio_filter=&#8220;color: #e53e70;&#8220; box_shadow_style_image=&#8220;preset3&#8243; global_colors_info=&#8220;{}&#8220; sticky_enabled=&#8220;0&#8243;][\/et_pb_filterable_portfolio][\/et_pb_column][\/et_pb_row][\/et_pb_section]<\/p>\n","protected":false},"excerpt":{"rendered":"<p>STL GmbH Erfolgsgeschichten unserer Kund:innen mit cimoioUnsere Kund:innen sind teilweise seit Gr\u00fcndung der STL GmbH bei uns, manche erst seit diesem Jahr. Und unsere Kund:innen kommen aus verschiedenen Branchen. Was sie alle vereint ist, dass wir zusammen Systeme aufgebaut haben, die alle die selbe Software zugrunde liegen haben: cimoio. Manche arbeiten einfach nur mit dem [&hellip;]<\/p>\n","protected":false},"author":3,"featured_media":0,"parent":0,"menu_order":40,"comment_status":"closed","ping_status":"closed","template":"","meta":{"_et_pb_use_builder":"on","_et_pb_old_content":"","_et_gb_content_width":"","inline_featured_image":false,"footnotes":""},"class_list":["post-2383","page","type-page","status-publish","hentry"],"yoast_head":"<!-- This site is optimized with the Yoast SEO plugin v27.5 - https:\/\/yoast.com\/product\/yoast-seo-wordpress\/ -->\n<title>STL GmbH Erfolgsgeschichten mit cimoio<\/title>\n<meta name=\"description\" content=\"Hier finden Sie \u2b50 Erfolgsgeschichten \u2b50 unserer STL GmbH Kunden mit cimoio. Weitere Erfolgsgeschichten folgen bald.\" \/>\n<meta name=\"robots\" content=\"index, follow, max-snippet:-1, max-image-preview:large, max-video-preview:-1\" \/>\n<link rel=\"canonical\" href=\"https:\/\/www.cimoio.de\/cms\/erfolgsgeschichten\/\" \/>\n<meta property=\"og:locale\" content=\"de_DE\" \/>\n<meta property=\"og:type\" content=\"article\" \/>\n<meta property=\"og:title\" content=\"STL GmbH Erfolgsgeschichten mit cimoio\" \/>\n<meta property=\"og:description\" content=\"Hier finden Sie \u2b50 Erfolgsgeschichten \u2b50 unserer STL GmbH Kunden mit cimoio. Weitere Erfolgsgeschichten folgen bald.\" \/>\n<meta property=\"og:url\" content=\"https:\/\/www.cimoio.de\/cms\/erfolgsgeschichten\/\" \/>\n<meta property=\"og:site_name\" content=\"cimoio\" \/>\n<meta property=\"article:modified_time\" content=\"2025-04-23T15:00:48+00:00\" \/>\n<meta name=\"twitter:card\" content=\"summary_large_image\" \/>\n<script type=\"application\/ld+json\" class=\"yoast-schema-graph\">{\"@context\":\"https:\\\/\\\/schema.org\",\"@graph\":[{\"@type\":\"WebPage\",\"@id\":\"https:\\\/\\\/www.cimoio.de\\\/cms\\\/erfolgsgeschichten\\\/\",\"url\":\"https:\\\/\\\/www.cimoio.de\\\/cms\\\/erfolgsgeschichten\\\/\",\"name\":\"STL GmbH Erfolgsgeschichten mit cimoio\",\"isPartOf\":{\"@id\":\"https:\\\/\\\/www.cimoio.de\\\/cms\\\/#website\"},\"datePublished\":\"2021-12-14T10:25:18+00:00\",\"dateModified\":\"2025-04-23T15:00:48+00:00\",\"description\":\"Hier finden Sie \u2b50 Erfolgsgeschichten \u2b50 unserer STL GmbH Kunden mit cimoio. Weitere Erfolgsgeschichten folgen bald.\",\"breadcrumb\":{\"@id\":\"https:\\\/\\\/www.cimoio.de\\\/cms\\\/erfolgsgeschichten\\\/#breadcrumb\"},\"inLanguage\":\"de\",\"potentialAction\":[{\"@type\":\"ReadAction\",\"target\":[\"https:\\\/\\\/www.cimoio.de\\\/cms\\\/erfolgsgeschichten\\\/\"]}]},{\"@type\":\"BreadcrumbList\",\"@id\":\"https:\\\/\\\/www.cimoio.de\\\/cms\\\/erfolgsgeschichten\\\/#breadcrumb\",\"itemListElement\":[{\"@type\":\"ListItem\",\"position\":1,\"name\":\"Home\",\"item\":\"https:\\\/\\\/www.cimoio.de\\\/cms\\\/\"},{\"@type\":\"ListItem\",\"position\":2,\"name\":\"STL GmbH Erfolgsgeschichten mit cimoio\"}]},{\"@type\":\"WebSite\",\"@id\":\"https:\\\/\\\/www.cimoio.de\\\/cms\\\/#website\",\"url\":\"https:\\\/\\\/www.cimoio.de\\\/cms\\\/\",\"name\":\"cimoio\",\"description\":\"Trainingsmanagement Software f\u00fcr Unternehmen\",\"publisher\":{\"@id\":\"https:\\\/\\\/www.cimoio.de\\\/cms\\\/#organization\"},\"potentialAction\":[{\"@type\":\"SearchAction\",\"target\":{\"@type\":\"EntryPoint\",\"urlTemplate\":\"https:\\\/\\\/www.cimoio.de\\\/cms\\\/?s={search_term_string}\"},\"query-input\":{\"@type\":\"PropertyValueSpecification\",\"valueRequired\":true,\"valueName\":\"search_term_string\"}}],\"inLanguage\":\"de\"},{\"@type\":\"Organization\",\"@id\":\"https:\\\/\\\/www.cimoio.de\\\/cms\\\/#organization\",\"name\":\"STL GmbH\",\"url\":\"https:\\\/\\\/www.cimoio.de\\\/cms\\\/\",\"logo\":{\"@type\":\"ImageObject\",\"inLanguage\":\"de\",\"@id\":\"https:\\\/\\\/www.cimoio.de\\\/cms\\\/#\\\/schema\\\/logo\\\/image\\\/\",\"url\":\"https:\\\/\\\/www.cimoio.de\\\/cms\\\/wp-content\\\/uploads\\\/2021\\\/04\\\/Logo_stl_mc_cyan_1673x261.png\",\"contentUrl\":\"https:\\\/\\\/www.cimoio.de\\\/cms\\\/wp-content\\\/uploads\\\/2021\\\/04\\\/Logo_stl_mc_cyan_1673x261.png\",\"width\":1673,\"height\":261,\"caption\":\"STL GmbH\"},\"image\":{\"@id\":\"https:\\\/\\\/www.cimoio.de\\\/cms\\\/#\\\/schema\\\/logo\\\/image\\\/\"},\"sameAs\":[\"https:\\\/\\\/de.linkedin.com\\\/company\\\/stl-gmbh\"]}]}<\/script>\n<!-- \/ Yoast SEO plugin. -->","yoast_head_json":{"title":"STL GmbH Erfolgsgeschichten mit cimoio","description":"Hier finden Sie \u2b50 Erfolgsgeschichten \u2b50 unserer STL GmbH Kunden mit cimoio. Weitere Erfolgsgeschichten folgen bald.","robots":{"index":"index","follow":"follow","max-snippet":"max-snippet:-1","max-image-preview":"max-image-preview:large","max-video-preview":"max-video-preview:-1"},"canonical":"https:\/\/www.cimoio.de\/cms\/erfolgsgeschichten\/","og_locale":"de_DE","og_type":"article","og_title":"STL GmbH Erfolgsgeschichten mit cimoio","og_description":"Hier finden Sie \u2b50 Erfolgsgeschichten \u2b50 unserer STL GmbH Kunden mit cimoio. Weitere Erfolgsgeschichten folgen bald.","og_url":"https:\/\/www.cimoio.de\/cms\/erfolgsgeschichten\/","og_site_name":"cimoio","article_modified_time":"2025-04-23T15:00:48+00:00","twitter_card":"summary_large_image","schema":{"@context":"https:\/\/schema.org","@graph":[{"@type":"WebPage","@id":"https:\/\/www.cimoio.de\/cms\/erfolgsgeschichten\/","url":"https:\/\/www.cimoio.de\/cms\/erfolgsgeschichten\/","name":"STL GmbH Erfolgsgeschichten mit cimoio","isPartOf":{"@id":"https:\/\/www.cimoio.de\/cms\/#website"},"datePublished":"2021-12-14T10:25:18+00:00","dateModified":"2025-04-23T15:00:48+00:00","description":"Hier finden Sie \u2b50 Erfolgsgeschichten \u2b50 unserer STL GmbH Kunden mit cimoio. Weitere Erfolgsgeschichten folgen bald.","breadcrumb":{"@id":"https:\/\/www.cimoio.de\/cms\/erfolgsgeschichten\/#breadcrumb"},"inLanguage":"de","potentialAction":[{"@type":"ReadAction","target":["https:\/\/www.cimoio.de\/cms\/erfolgsgeschichten\/"]}]},{"@type":"BreadcrumbList","@id":"https:\/\/www.cimoio.de\/cms\/erfolgsgeschichten\/#breadcrumb","itemListElement":[{"@type":"ListItem","position":1,"name":"Home","item":"https:\/\/www.cimoio.de\/cms\/"},{"@type":"ListItem","position":2,"name":"STL GmbH Erfolgsgeschichten mit cimoio"}]},{"@type":"WebSite","@id":"https:\/\/www.cimoio.de\/cms\/#website","url":"https:\/\/www.cimoio.de\/cms\/","name":"cimoio","description":"Trainingsmanagement Software f\u00fcr Unternehmen","publisher":{"@id":"https:\/\/www.cimoio.de\/cms\/#organization"},"potentialAction":[{"@type":"SearchAction","target":{"@type":"EntryPoint","urlTemplate":"https:\/\/www.cimoio.de\/cms\/?s={search_term_string}"},"query-input":{"@type":"PropertyValueSpecification","valueRequired":true,"valueName":"search_term_string"}}],"inLanguage":"de"},{"@type":"Organization","@id":"https:\/\/www.cimoio.de\/cms\/#organization","name":"STL GmbH","url":"https:\/\/www.cimoio.de\/cms\/","logo":{"@type":"ImageObject","inLanguage":"de","@id":"https:\/\/www.cimoio.de\/cms\/#\/schema\/logo\/image\/","url":"https:\/\/www.cimoio.de\/cms\/wp-content\/uploads\/2021\/04\/Logo_stl_mc_cyan_1673x261.png","contentUrl":"https:\/\/www.cimoio.de\/cms\/wp-content\/uploads\/2021\/04\/Logo_stl_mc_cyan_1673x261.png","width":1673,"height":261,"caption":"STL GmbH"},"image":{"@id":"https:\/\/www.cimoio.de\/cms\/#\/schema\/logo\/image\/"},"sameAs":["https:\/\/de.linkedin.com\/company\/stl-gmbh"]}]}},"_links":{"self":[{"href":"https:\/\/www.cimoio.de\/cms\/wp-json\/wp\/v2\/pages\/2383","targetHints":{"allow":["GET"]}}],"collection":[{"href":"https:\/\/www.cimoio.de\/cms\/wp-json\/wp\/v2\/pages"}],"about":[{"href":"https:\/\/www.cimoio.de\/cms\/wp-json\/wp\/v2\/types\/page"}],"author":[{"embeddable":true,"href":"https:\/\/www.cimoio.de\/cms\/wp-json\/wp\/v2\/users\/3"}],"replies":[{"embeddable":true,"href":"https:\/\/www.cimoio.de\/cms\/wp-json\/wp\/v2\/comments?post=2383"}],"version-history":[{"count":39,"href":"https:\/\/www.cimoio.de\/cms\/wp-json\/wp\/v2\/pages\/2383\/revisions"}],"predecessor-version":[{"id":5721,"href":"https:\/\/www.cimoio.de\/cms\/wp-json\/wp\/v2\/pages\/2383\/revisions\/5721"}],"wp:attachment":[{"href":"https:\/\/www.cimoio.de\/cms\/wp-json\/wp\/v2\/media?parent=2383"}],"curies":[{"name":"wp","href":"https:\/\/api.w.org\/{rel}","templated":true}]}}