{"id":322,"date":"2021-06-09T18:01:56","date_gmt":"2021-06-09T16:01:56","guid":{"rendered":"https:\/\/www.stl-software.de\/cms\/?page_id=322"},"modified":"2025-07-09T15:24:51","modified_gmt":"2025-07-09T13:24:51","slug":"cimoio-und-module","status":"publish","type":"page","link":"https:\/\/www.cimoio.de\/cms\/cimoio-und-module\/","title":{"rendered":"cimoio-Module"},"content":{"rendered":"\n[et_pb_section fb_built=&#8220;1&#8243; _builder_version=&#8220;4.16&#8243; _module_preset=&#8220;74e3c6fb-647a-49bb-96a6-4a121c7b7aae&#8220; global_colors_info=&#8220;{}&#8220;][et_pb_row _builder_version=&#8220;4.16&#8243; _module_preset=&#8220;default&#8220; animation_style=&#8220;slide&#8220; animation_intensity_slide=&#8220;10%&#8220; global_colors_info=&#8220;{}&#8220;][et_pb_column type=&#8220;4_4&#8243; _builder_version=&#8220;4.16&#8243; _module_preset=&#8220;default&#8220; global_colors_info=&#8220;{}&#8220;][et_pb_text _builder_version=&#8220;4.23&#8243; _module_preset=&#8220;default&#8220; header_text_color=&#8220;#FFFFFF&#8220; hover_enabled=&#8220;0&#8243; global_colors_info=&#8220;{}&#8220; sticky_enabled=&#8220;0&#8243;]<h1>cimoio-Module: das <strong>cimoio<\/strong> Basismodul, technische Module und Portale<\/h1>[\/et_pb_text][et_pb_divider color=&#8220;#29c4a9&#8243; divider_weight=&#8220;4px&#8220; disabled_on=&#8220;on|on|off&#8220; _builder_version=&#8220;4.16&#8243; background_size=&#8220;initial&#8220; background_position=&#8220;top_left&#8220; background_repeat=&#8220;repeat&#8220; max_width=&#8220;40px&#8220; module_alignment=&#8220;left&#8220; custom_margin=&#8220;||10px|&#8220; animation_direction=&#8220;left&#8220; saved_tabs=&#8220;all&#8220; locked=&#8220;off&#8220; global_colors_info=&#8220;{}&#8220;][\/et_pb_divider][et_pb_text _builder_version=&#8220;4.23&#8243; _module_preset=&#8220;default&#8220; text_text_color=&#8220;#FFFFFF&#8220; hover_enabled=&#8220;0&#8243; global_colors_info=&#8220;{}&#8220; sticky_enabled=&#8220;0&#8243;]<p>cimoio ist das Trainingsmanagementsystem der <a href=\"https:\/\/www.stl-software.de\/cms\/produkte-der-stl-gmbh\/cimoio-webanwendung-fuer-trainingsmanagement\/\" target=\"_blank\" rel=\"noopener\" title=\"Produkt\u00fcbersicht der Software cimoio der STL GmbH\">STL GmbH<\/a>. cimoio und cimoio-Module geben Ihnen die Freiheit, neben dem <strong>Basismodul<\/strong> die <strong>Module<\/strong> zu nutzen und <strong>Portale<\/strong> zu gestalten, die f\u00fcr Ihr Trainingsmanagement Mehrwert erzeugen. So k\u00f6nnen Sie mit der Zeit ihr cimoio so ausbauen, wie es f\u00fcr Ihren Anwendungsfall vorteilhaft und notwendig ist. Die Erfahrung zeigt, dass es sinnvoll ist, wenn Sie zuerst mit den essentiellen Funktionen, Modulen und Portalen anfangen. Aber behalten Sie dabei ihre Vision vor Augen! Dann kann bei jedem weiteren Schritt ber\u00fccksichtigt werden, wohin Sie ihr cimoio als Unterst\u00fctzung f\u00fcr ihr Trainingsmanagement entwickeln wollen.<\/p>[\/et_pb_text][\/et_pb_column][\/et_pb_row][\/et_pb_section][et_pb_section fb_built=&#8220;1&#8243; _builder_version=&#8220;4.16&#8243; _module_preset=&#8220;default&#8220; global_colors_info=&#8220;{}&#8220;][et_pb_row column_structure=&#8220;1_4,3_4&#8243; _builder_version=&#8220;4.16&#8243; _module_preset=&#8220;default&#8220; global_colors_info=&#8220;{}&#8220;][et_pb_column type=&#8220;1_4&#8243; _builder_version=&#8220;4.16&#8243; _module_preset=&#8220;default&#8220; global_colors_info=&#8220;{}&#8220;][et_pb_image src=&#8220;https:\/\/www.cimoio.de\/cms\/wp-content\/uploads\/2021\/09\/iconmonstr-speech-bubble-30-cyan.svg&#8220; title_text=&#8220;iconmonstr-speech-bubble-30-cyan&#8220; force_fullwidth=&#8220;on&#8220; _builder_version=&#8220;4.16&#8243; _module_preset=&#8220;default&#8220; background_enable_color=&#8220;off&#8220; min_height=&#8220;225px&#8220; custom_margin=&#8220;33px||||false|false&#8220; custom_padding=&#8220;|0px||||&#8220; mix_blend_mode=&#8220;darken&#8220; animation_style=&#8220;slide&#8220; animation_direction=&#8220;left&#8220; animation_intensity_slide=&#8220;10%&#8220; global_colors_info=&#8220;{}&#8220;][\/et_pb_image][\/et_pb_column][et_pb_column type=&#8220;3_4&#8243; _builder_version=&#8220;4.16&#8243; _module_preset=&#8220;default&#8220; global_colors_info=&#8220;{}&#8220;][et_pb_toggle title=&#8220;Was ist cimoio?&#8220; _builder_version=&#8220;4.22.1&#8243; _module_preset=&#8220;6e2f755c-18b7-4be0-a42b-d1135bcc9b5e&#8220; title_level=&#8220;h2&#8243; animation_style=&#8220;slide&#8220; animation_direction=&#8220;right&#8220; animation_intensity_slide=&#8220;10%&#8220; global_colors_info=&#8220;{}&#8220;]<p>Ist cimoio ein <a href=\"\/cms\/was-ist-ein-learning-management-system-lms\/\" title=\"Unsere Definition f\u00fcr den Begriff LMS\">Learningmanagementsystem (LMS)<\/a>? ein <a href=\"\/cms\/was-ist-ein-trainingsmanagementsystem-tms\/\" title=\"Unsere Definition f\u00fcr den Begriff TMS\">Trainingsmanagementsystem (TMS)<\/a>? ein LXP? Oder sogar alles drei?<\/p>\n<p>Die Antwort ist die klassische BWL-Antwort: Es kommt darauf an..<\/p>\n<p>Das kommt darauf an, wie Sie cimoio zur Unterst\u00fctzung ihres Trainingsmanagements nutzen m\u00f6chten. Darauf, welche Module Sie aktivieren und wie Sie ihre Portale konfigurieren. Wir haben die wichtigsten Begriffe im Umfeld des digitalen Lernens f\u00fcr Sie aus unserer Perspektive erkl\u00e4rt. Und au\u00dferdem, <a href=\"\/cms\/cimoio-und-module\/was-ist-cimoio\/\" title=\"Wie positioniert sich cimoio im Kontext der Begriffe LMS, TMS und LXP?\">wie sich cimoio im Kontext LMS, TMS und LXP positioniert<\/a>.<\/p>[\/et_pb_toggle][et_pb_toggle title=&#8220;Das cimoio Basismodul&#8220; _builder_version=&#8220;4.22.1&#8243; _module_preset=&#8220;6e2f755c-18b7-4be0-a42b-d1135bcc9b5e&#8220; title_level=&#8220;h2&#8243; animation_style=&#8220;slide&#8220; animation_direction=&#8220;right&#8220; animation_intensity_slide=&#8220;10%&#8220; global_colors_info=&#8220;{}&#8220;]<p><a href=\"https:\/\/www.cimoio.de\/cms\/cimoio-und-module\/basismodul\/\" title=\"cimoio Basismodul\">Mit dem cimoio Basismodul<\/a> k\u00f6nnen Sie alle administrativen Prozesse rund um ihre Trainings effizient und \u00fcbersichtlich durchf\u00fchren. cimoio begleitet Sie im kompletten Prozess. Angefangen mit der Pflege ihres Katalogs und der darin enthaltenen Trainingsprodukte \u00fcber die Planung und Anlage von Trainingsveranstaltungen bis hin zur Buchung durch Sie, ihre Mitarbeiter:innen oder Kund:innen.<\/p>\n<p>Hinzu kommen Funktionen, um Kundendaten f\u00fcr kommerzielle Prozesse und Informationspflichten bez\u00fcglich durchgef\u00fchrter Trainings zu speichern. Sie k\u00f6nnen die Ausstattung f\u00fcr Trainings sowie ihre R\u00e4ume und Trainer:innen verwalten.<\/p>\n<p>Und der kr\u00f6nende Abschluss ist das Qualifikationsmanagement. Mit dem stellen Sie sicher, dass ihr Administrationsteam die zielgerichtete Steuerung der Weiterbildung von Mitarbeiter:innen und Kund:innen sicher in der Hand h\u00e4lt.<\/p>\n<p>Das alles k\u00f6nnen Sie mit dem Berichtswesen von cimoio entsprechend ihrer Anforderungen auswerten und so den kontinuierlichen Verbesserungsprozess in Gang halten.<\/p>\n<p>F\u00fcr das cimoio Basismodul gibt es technische Erg\u00e4nzungsmodule und verschiedene Portale, die wir im folgenden n\u00e4her beschreiben.<\/p>[\/et_pb_toggle][et_pb_toggle title=&#8220;cimoio-Module&#8220; _builder_version=&#8220;4.23&#8243; _module_preset=&#8220;6e2f755c-18b7-4be0-a42b-d1135bcc9b5e&#8220; title_level=&#8220;h2&#8243; animation_style=&#8220;slide&#8220; animation_direction=&#8220;right&#8220; animation_intensity_slide=&#8220;10%&#8220; hover_enabled=&#8220;0&#8243; global_colors_info=&#8220;{}&#8220; sticky_enabled=&#8220;0&#8243;]<p>Die <a href=\"https:\/\/www.cimoio.de\/cms\/cimoio-und-module\/modules-technical\/\" title=\"cimoios technischen Module\">technischen Erg\u00e4nzungsmodule<\/a> f\u00fcr das cimoio Basismodul unterst\u00fctzen spezifische Aspekte ihrer Arbeit. Entweder fachliche Aspekte, die sich aus der Natur ihres Gesch\u00e4fts ergeben &#8211; weil Sie zum Beispiel f\u00fcr ihren Trainingsbetrieb ein Hotel betreiben. Oder technische Anforderungen, die sich aus den organisatorischen Strukturen ihres Unternehmens ergeben: beispielsweise Mandanten f\u00fcr unterschiedliche Niederlassungen.<\/p>\n<p>So k\u00f6nnen Sie das cimoio Basismodul mit verschiedenen Erg\u00e4nzungsmodulen und Portalen ausbauen. Dadurch unterst\u00fctzen Sie alle Prozesse, die \u00fcber einen Standard-Trainingsbetrieb hinausgehen. Die Portale beschreiben wir im folgenden Abschnitt.<\/p>[\/et_pb_toggle][et_pb_toggle title=&#8220;cimoio Portale&#8220; _builder_version=&#8220;4.23&#8243; _module_preset=&#8220;6e2f755c-18b7-4be0-a42b-d1135bcc9b5e&#8220; title_level=&#8220;h2&#8243; animation_style=&#8220;slide&#8220; animation_direction=&#8220;right&#8220; animation_intensity_slide=&#8220;10%&#8220; hover_enabled=&#8220;0&#8243; global_colors_info=&#8220;{}&#8220; sticky_enabled=&#8220;0&#8243;]<p>Das cimoio Basismodul bedient verschiedene Zielgruppen. Damit jede Zielgruppe sich auf das fokussieren kann, was sie von cimoio erwartet, bieten wir vier <a href=\"https:\/\/www.cimoio.de\/cms\/cimoio-und-module\/portal-module\/\" title=\"cimoio Portale\">dedizierte Portale<\/a>. Diese wiederum bedienen \u00fcber ihre Funktionen und Datensichten sechs typische Rollen rund um das Lernen:<\/p>\n<p><strong>Das Veranstalterportal<\/strong><\/p>\n<p>Das Veranstalterportal ist der Zugang zu unserem Backend, den vor allem die Administratoren f\u00fcr Produkte, Veranstaltungen und Buchungen nutzen.<\/p>\n<p><strong>Das Mitarbeiterportal<\/strong><\/p>\n<p>Das Mitarbeiterportal bedient &#8211; wie der Name es schon sagt &#8211; ihre Mitarbeiter:innen und ist \u00fcblicherweise \u00fcber single-sign-on (SSO) aus dem Intranet erreichbar. Wenn Mitarbeiter:innen gleichzeitig eine Funktion als F\u00fchrungskraft aus\u00fcben oder intern als Trainer:innen fungieren, bekommen sie f\u00fcr diese Rollen Rechte, die weitreichender sind, als die der anderen Mitarbeiter:innen.<\/p>\n<p><strong>Das Trainerportal<\/strong><\/p>\n<p>Das Trainerportal richtet sich an Trainer. Dies k\u00f6nnen Mitarbeiter oder externe Personen sein. Falls es sich um Mitarbeiter handelt, ist das Portal in das Mitarbeiterportal integriert. Wenn sie extern sind, basiert dieses Portal auf einer Version des Buchungsportals.<\/p>\n<p><strong>Das Bucherportal<\/strong><\/p>\n<p>Das Bucherportal ist der Zugang f\u00fcr externe Kund:innen und Trainer:innen. Die Kund:innen finden hier den Katalog, Registrierungs- und Warenkorbprozess. Die externen Trainer:innen finden hier ihre Trainingsinhalte, Teilnehmerlisten und alles weitere Informationsmaterial, welches Sie ihnen zur Verf\u00fcgung stellen.<\/p>\n<p><strong>Das Lernerportal<\/strong><\/p>\n<p>Das Lernerportal ist der Zugang f\u00fcr cimoio-Nutzer:innen, f\u00fcr die nur das Lernen im Vordergrund steht. Der Fokus liegt auf den digitalen Inhalten, ganz frei von Katalogen, Buchungsmasken oder Trainingshistorie stehen hier unverstellt eLearnings, PDFs, Videos oder sonstiges Material im Vordergrund. Dieses Portal ist gerade im Kundentraining reizvoll, um Trainingsbeschaffung und Trainingsteilnahme zu trennen, wenn diese Aufgaben nicht von der selben Person \u00fcbernommen werden.<\/p>\n<p>So kann das cimoio Basismodul mit cimoio-Modulen und Portalen erweitert werden, um ihren Anwendungsfall so pr\u00e4zise wie m\u00f6glich abzubilden.<\/p>[\/et_pb_toggle][\/et_pb_column][\/et_pb_row][\/et_pb_section][et_pb_section fb_built=&#8220;1&#8243; _builder_version=&#8220;4.16&#8243; _module_preset=&#8220;default&#8220; global_colors_info=&#8220;{}&#8220;][et_pb_row _builder_version=&#8220;4.16&#8243; _module_preset=&#8220;default&#8220; global_colors_info=&#8220;{}&#8220;][et_pb_column type=&#8220;4_4&#8243; _builder_version=&#8220;4.16&#8243; _module_preset=&#8220;default&#8220; global_colors_info=&#8220;{}&#8220;][et_pb_divider _builder_version=&#8220;4.16&#8243; _module_preset=&#8220;default&#8220; global_colors_info=&#8220;{}&#8220;][\/et_pb_divider][\/et_pb_column][\/et_pb_row][et_pb_row column_structure=&#8220;1_3,1_3,1_3&#8243; module_class=&#8220;FlexRow&#8220; _builder_version=&#8220;4.16&#8243; _module_preset=&#8220;default&#8220; animation_style=&#8220;zoom&#8220; animation_intensity_zoom=&#8220;10%&#8220; global_colors_info=&#8220;{}&#8220;][et_pb_column type=&#8220;1_3&#8243; _builder_version=&#8220;4.16&#8243; _module_preset=&#8220;default&#8220; global_colors_info=&#8220;{}&#8220;][et_pb_cta title=&#8220;So weit das Basismodul reicht!&#8220; button_url=&#8220;@ET-DC@eyJkeW5hbWljIjp0cnVlLCJjb250ZW50IjoicG9zdF9saW5rX3VybF9wYWdlIiwic2V0dGluZ3MiOnsicG9zdF9pZCI6IjkxIn19@&#8220; button_text=&#8220;Lesen Sie mehr&#8220; _builder_version=&#8220;4.22.1&#8243; _dynamic_attributes=&#8220;button_url&#8220; _module_preset=&#8220;14cdcb01-e127-4c34-9ba1-038b96599f80&#8243; global_module=&#8220;1901&#8243; saved_tabs=&#8220;all&#8220; global_colors_info=&#8220;{}&#8220;]<p>Hier finden Sie mehr Informationen zum Basismodul cimoio, welche Prozesse damit abgebildet werden und wie diese mit den Ausbaumodulen in Zusammenhang stehen.<\/p>\n[\/et_pb_cta][\/et_pb_column][et_pb_column type=&#8220;1_3&#8243; _builder_version=&#8220;4.16&#8243; _module_preset=&#8220;default&#8220; global_colors_info=&#8220;{}&#8220;][et_pb_cta title=&#8220;Unsere Module zur Anpassung von cimoio&#8220; button_url=&#8220;@ET-DC@eyJkeW5hbWljIjp0cnVlLCJjb250ZW50IjoicG9zdF9saW5rX3VybF9wYWdlIiwic2V0dGluZ3MiOnsicG9zdF9pZCI6IjE0MyJ9fQ==@&#8220; button_text=&#8220;Lesen Sie mehr&#8220; _builder_version=&#8220;4.9.10&#8243; _dynamic_attributes=&#8220;button_url&#8220; _module_preset=&#8220;14cdcb01-e127-4c34-9ba1-038b96599f80&#8243; global_module=&#8220;1912&#8243; saved_tabs=&#8220;all&#8220; global_colors_info=&#8220;{}&#8220;]<p>Hier finden Sie Beschreibungen der Module, mit denen Sie cimoio auf ihren Anwendungsfall anpassen k\u00f6nnen und so einen reibungslosen Trainingsprozess sicherstellen.<\/p>\n[\/et_pb_cta][\/et_pb_column][et_pb_column type=&#8220;1_3&#8243; _builder_version=&#8220;4.16&#8243; _module_preset=&#8220;default&#8220; global_colors_info=&#8220;{}&#8220;][et_pb_cta title=&#8220;Die sch\u00f6nsten Portale, die wir bisher gestaltet haben&#8220; button_url=&#8220;@ET-DC@eyJkeW5hbWljIjp0cnVlLCJjb250ZW50IjoicG9zdF9saW5rX3VybF9wYWdlIiwic2V0dGluZ3MiOnsicG9zdF9pZCI6IjE0NSJ9fQ==@&#8220; button_text=&#8220;Lesen Sie mehr&#8220; _builder_version=&#8220;4.9.10&#8243; _dynamic_attributes=&#8220;button_url&#8220; _module_preset=&#8220;default&#8220; global_module=&#8220;1911&#8243; saved_tabs=&#8220;all&#8220; global_colors_info=&#8220;{}&#8220;]<p>Corporate Identity &amp; Employer Branding spielen in allen Projekten eine Rolle. Wer Trainings anbietet, m\u00f6chte dabei auch seine Marke sch\u00f6n pr\u00e4sentieren<br \/>&#8211; dabei helfen unsere Portale.<\/p>\n[\/et_pb_cta][\/et_pb_column][\/et_pb_row][\/et_pb_section]\n","protected":false},"excerpt":{"rendered":"<p>cimoio-Module: das cimoio Basismodul, technische Module und Portalecimoio ist das Trainingsmanagementsystem der STL GmbH. cimoio und cimoio-Module geben Ihnen die Freiheit, neben dem Basismodul die Module zu nutzen und Portale zu gestalten, die f\u00fcr Ihr Trainingsmanagement Mehrwert erzeugen. So k\u00f6nnen Sie mit der Zeit ihr cimoio so ausbauen, wie es f\u00fcr Ihren Anwendungsfall vorteilhaft und [&hellip;]<\/p>\n","protected":false},"author":3,"featured_media":0,"parent":0,"menu_order":10,"comment_status":"closed","ping_status":"closed","template":"","meta":{"_et_pb_use_builder":"on","_et_pb_old_content":"","_et_gb_content_width":"","inline_featured_image":false,"footnotes":""},"class_list":["post-322","page","type-page","status-publish","hentry"],"yoast_head":"<!-- This site is optimized with the Yoast SEO plugin v27.2 - https:\/\/yoast.com\/product\/yoast-seo-wordpress\/ -->\n<title>cimoio-Module: Basismodul, Zusatzmodule und Portale | cimoio<\/title>\n<meta name=\"description\" content=\"Das cimoio Basismodul kann um verschiedene technische cimoio-Module \ud83e\udde9 und zielgruppengerechte Portale \ud83d\udcbb erweitert werden.\" \/>\n<meta name=\"robots\" content=\"index, follow, max-snippet:-1, max-image-preview:large, max-video-preview:-1\" \/>\n<link rel=\"canonical\" href=\"https:\/\/www.cimoio.de\/cms\/cimoio-und-module\/\" \/>\n<meta property=\"og:locale\" content=\"de_DE\" \/>\n<meta property=\"og:type\" content=\"article\" \/>\n<meta property=\"og:title\" content=\"cimoio-Module: Basismodul, Zusatzmodule und Portale | cimoio\" \/>\n<meta property=\"og:description\" content=\"Das cimoio Basismodul kann um verschiedene technische cimoio-Module \ud83e\udde9 und zielgruppengerechte Portale \ud83d\udcbb erweitert werden.\" \/>\n<meta property=\"og:url\" content=\"https:\/\/www.cimoio.de\/cms\/cimoio-und-module\/\" \/>\n<meta property=\"og:site_name\" content=\"cimoio\" \/>\n<meta property=\"article:modified_time\" content=\"2025-07-09T13:24:51+00:00\" \/>\n<meta name=\"twitter:card\" content=\"summary_large_image\" \/>\n<script type=\"application\/ld+json\" class=\"yoast-schema-graph\">{\"@context\":\"https:\/\/schema.org\",\"@graph\":[{\"@type\":\"WebPage\",\"@id\":\"https:\/\/www.cimoio.de\/cms\/cimoio-und-module\/\",\"url\":\"https:\/\/www.cimoio.de\/cms\/cimoio-und-module\/\",\"name\":\"cimoio-Module: Basismodul, Zusatzmodule und Portale | cimoio\",\"isPartOf\":{\"@id\":\"https:\/\/www.cimoio.de\/cms\/#website\"},\"datePublished\":\"2021-06-09T16:01:56+00:00\",\"dateModified\":\"2025-07-09T13:24:51+00:00\",\"description\":\"Das cimoio Basismodul kann um verschiedene technische cimoio-Module \ud83e\udde9 und zielgruppengerechte Portale \ud83d\udcbb erweitert werden.\",\"breadcrumb\":{\"@id\":\"https:\/\/www.cimoio.de\/cms\/cimoio-und-module\/#breadcrumb\"},\"inLanguage\":\"de\",\"potentialAction\":[{\"@type\":\"ReadAction\",\"target\":[\"https:\/\/www.cimoio.de\/cms\/cimoio-und-module\/\"]}]},{\"@type\":\"BreadcrumbList\",\"@id\":\"https:\/\/www.cimoio.de\/cms\/cimoio-und-module\/#breadcrumb\",\"itemListElement\":[{\"@type\":\"ListItem\",\"position\":1,\"name\":\"Home\",\"item\":\"https:\/\/www.cimoio.de\/cms\/\"},{\"@type\":\"ListItem\",\"position\":2,\"name\":\"cimoio-Module\"}]},{\"@type\":\"WebSite\",\"@id\":\"https:\/\/www.cimoio.de\/cms\/#website\",\"url\":\"https:\/\/www.cimoio.de\/cms\/\",\"name\":\"cimoio\",\"description\":\"Trainingsmanagement Software f\u00fcr Unternehmen\",\"publisher\":{\"@id\":\"https:\/\/www.cimoio.de\/cms\/#organization\"},\"potentialAction\":[{\"@type\":\"SearchAction\",\"target\":{\"@type\":\"EntryPoint\",\"urlTemplate\":\"https:\/\/www.cimoio.de\/cms\/?s={search_term_string}\"},\"query-input\":{\"@type\":\"PropertyValueSpecification\",\"valueRequired\":true,\"valueName\":\"search_term_string\"}}],\"inLanguage\":\"de\"},{\"@type\":\"Organization\",\"@id\":\"https:\/\/www.cimoio.de\/cms\/#organization\",\"name\":\"STL GmbH\",\"url\":\"https:\/\/www.cimoio.de\/cms\/\",\"logo\":{\"@type\":\"ImageObject\",\"inLanguage\":\"de\",\"@id\":\"https:\/\/www.cimoio.de\/cms\/#\/schema\/logo\/image\/\",\"url\":\"https:\/\/www.cimoio.de\/cms\/wp-content\/uploads\/2021\/04\/Logo_stl_mc_cyan_1673x261.png\",\"contentUrl\":\"https:\/\/www.cimoio.de\/cms\/wp-content\/uploads\/2021\/04\/Logo_stl_mc_cyan_1673x261.png\",\"width\":1673,\"height\":261,\"caption\":\"STL GmbH\"},\"image\":{\"@id\":\"https:\/\/www.cimoio.de\/cms\/#\/schema\/logo\/image\/\"},\"sameAs\":[\"https:\/\/de.linkedin.com\/company\/stl-gmbh\"]}]}<\/script>\n<!-- \/ Yoast SEO plugin. -->","yoast_head_json":{"title":"cimoio-Module: Basismodul, Zusatzmodule und Portale | cimoio","description":"Das cimoio Basismodul kann um verschiedene technische cimoio-Module \ud83e\udde9 und zielgruppengerechte Portale \ud83d\udcbb erweitert werden.","robots":{"index":"index","follow":"follow","max-snippet":"max-snippet:-1","max-image-preview":"max-image-preview:large","max-video-preview":"max-video-preview:-1"},"canonical":"https:\/\/www.cimoio.de\/cms\/cimoio-und-module\/","og_locale":"de_DE","og_type":"article","og_title":"cimoio-Module: Basismodul, Zusatzmodule und Portale | cimoio","og_description":"Das cimoio Basismodul kann um verschiedene technische cimoio-Module \ud83e\udde9 und zielgruppengerechte Portale \ud83d\udcbb erweitert werden.","og_url":"https:\/\/www.cimoio.de\/cms\/cimoio-und-module\/","og_site_name":"cimoio","article_modified_time":"2025-07-09T13:24:51+00:00","twitter_card":"summary_large_image","schema":{"@context":"https:\/\/schema.org","@graph":[{"@type":"WebPage","@id":"https:\/\/www.cimoio.de\/cms\/cimoio-und-module\/","url":"https:\/\/www.cimoio.de\/cms\/cimoio-und-module\/","name":"cimoio-Module: Basismodul, Zusatzmodule und Portale | cimoio","isPartOf":{"@id":"https:\/\/www.cimoio.de\/cms\/#website"},"datePublished":"2021-06-09T16:01:56+00:00","dateModified":"2025-07-09T13:24:51+00:00","description":"Das cimoio Basismodul kann um verschiedene technische cimoio-Module \ud83e\udde9 und zielgruppengerechte Portale \ud83d\udcbb erweitert werden.","breadcrumb":{"@id":"https:\/\/www.cimoio.de\/cms\/cimoio-und-module\/#breadcrumb"},"inLanguage":"de","potentialAction":[{"@type":"ReadAction","target":["https:\/\/www.cimoio.de\/cms\/cimoio-und-module\/"]}]},{"@type":"BreadcrumbList","@id":"https:\/\/www.cimoio.de\/cms\/cimoio-und-module\/#breadcrumb","itemListElement":[{"@type":"ListItem","position":1,"name":"Home","item":"https:\/\/www.cimoio.de\/cms\/"},{"@type":"ListItem","position":2,"name":"cimoio-Module"}]},{"@type":"WebSite","@id":"https:\/\/www.cimoio.de\/cms\/#website","url":"https:\/\/www.cimoio.de\/cms\/","name":"cimoio","description":"Trainingsmanagement Software f\u00fcr Unternehmen","publisher":{"@id":"https:\/\/www.cimoio.de\/cms\/#organization"},"potentialAction":[{"@type":"SearchAction","target":{"@type":"EntryPoint","urlTemplate":"https:\/\/www.cimoio.de\/cms\/?s={search_term_string}"},"query-input":{"@type":"PropertyValueSpecification","valueRequired":true,"valueName":"search_term_string"}}],"inLanguage":"de"},{"@type":"Organization","@id":"https:\/\/www.cimoio.de\/cms\/#organization","name":"STL GmbH","url":"https:\/\/www.cimoio.de\/cms\/","logo":{"@type":"ImageObject","inLanguage":"de","@id":"https:\/\/www.cimoio.de\/cms\/#\/schema\/logo\/image\/","url":"https:\/\/www.cimoio.de\/cms\/wp-content\/uploads\/2021\/04\/Logo_stl_mc_cyan_1673x261.png","contentUrl":"https:\/\/www.cimoio.de\/cms\/wp-content\/uploads\/2021\/04\/Logo_stl_mc_cyan_1673x261.png","width":1673,"height":261,"caption":"STL GmbH"},"image":{"@id":"https:\/\/www.cimoio.de\/cms\/#\/schema\/logo\/image\/"},"sameAs":["https:\/\/de.linkedin.com\/company\/stl-gmbh"]}]}},"_links":{"self":[{"href":"https:\/\/www.cimoio.de\/cms\/wp-json\/wp\/v2\/pages\/322","targetHints":{"allow":["GET"]}}],"collection":[{"href":"https:\/\/www.cimoio.de\/cms\/wp-json\/wp\/v2\/pages"}],"about":[{"href":"https:\/\/www.cimoio.de\/cms\/wp-json\/wp\/v2\/types\/page"}],"author":[{"embeddable":true,"href":"https:\/\/www.cimoio.de\/cms\/wp-json\/wp\/v2\/users\/3"}],"replies":[{"embeddable":true,"href":"https:\/\/www.cimoio.de\/cms\/wp-json\/wp\/v2\/comments?post=322"}],"version-history":[{"count":76,"href":"https:\/\/www.cimoio.de\/cms\/wp-json\/wp\/v2\/pages\/322\/revisions"}],"predecessor-version":[{"id":4398,"href":"https:\/\/www.cimoio.de\/cms\/wp-json\/wp\/v2\/pages\/322\/revisions\/4398"}],"wp:attachment":[{"href":"https:\/\/www.cimoio.de\/cms\/wp-json\/wp\/v2\/media?parent=322"}],"curies":[{"name":"wp","href":"https:\/\/api.w.org\/{rel}","templated":true}]}}