{"id":328,"date":"2021-06-09T18:03:35","date_gmt":"2021-06-09T16:03:35","guid":{"rendered":"https:\/\/www.stl-software.de\/cms\/?page_id=328"},"modified":"2024-05-03T15:58:25","modified_gmt":"2024-05-03T13:58:25","slug":"bildungsanbieter","status":"publish","type":"page","link":"https:\/\/www.cimoio.de\/cms\/branchenloesungen\/bildungsanbieter\/","title":{"rendered":"Trainingsmanagement f\u00fcr Bildungsanbieter"},"content":{"rendered":"\n[et_pb_section fb_built=&#8220;1&#8243; _builder_version=&#8220;4.16&#8243; _module_preset=&#8220;74e3c6fb-647a-49bb-96a6-4a121c7b7aae&#8220; global_colors_info=&#8220;{}&#8220;][et_pb_row column_structure=&#8220;1_3,2_3&#8243; _builder_version=&#8220;4.16&#8243; _module_preset=&#8220;default&#8220; animation_style=&#8220;zoom&#8220; animation_intensity_zoom=&#8220;10%&#8220; global_colors_info=&#8220;{}&#8220;][et_pb_column type=&#8220;1_3&#8243; _builder_version=&#8220;4.16&#8243; _module_preset=&#8220;default&#8220; global_colors_info=&#8220;{}&#8220;][et_pb_image src=&#8220;https:\/\/www.cimoio.de\/cms\/wp-content\/uploads\/2021\/12\/Branche-Bildungsanbieter-Sinnbild-StapelBuecher.png&#8220; alt=&#8220;Ein schwarz-wei\u00df Bild eines Stapels B\u00fccher, in dem ein paar Bucheinschl\u00e4ge blau sind.&#8220; title_text=&#8220;Branche-Bildungsanbieter-Sinnbild-StapelBuecher&#8220; _builder_version=&#8220;4.16&#8243; _module_preset=&#8220;default&#8220; global_colors_info=&#8220;{}&#8220;][\/et_pb_image][\/et_pb_column][et_pb_column type=&#8220;2_3&#8243; _builder_version=&#8220;4.16&#8243; _module_preset=&#8220;default&#8220; global_colors_info=&#8220;{}&#8220;][et_pb_text _builder_version=&#8220;4.22.0&#8243; _module_preset=&#8220;6aefb096-509e-4f36-a71e-e71a8d1d6284&#8243; min_height=&#8220;38px&#8220; global_colors_info=&#8220;{}&#8220;]<h1>Trainingsmanagement f\u00fcr Bildungsanbieter<\/h1>[\/et_pb_text][et_pb_divider color=&#8220;#29c4a9&#8243; divider_weight=&#8220;4px&#8220; disabled_on=&#8220;on|on|off&#8220; _builder_version=&#8220;4.21.0&#8243; background_size=&#8220;initial&#8220; background_position=&#8220;top_left&#8220; background_repeat=&#8220;repeat&#8220; max_width=&#8220;40px&#8220; module_alignment=&#8220;left&#8220; custom_margin=&#8220;||10px|&#8220; animation_style=&#8220;zoom&#8220; animation_direction=&#8220;left&#8220; global_module=&#8220;1979&#8243; saved_tabs=&#8220;all&#8220; locked=&#8220;off&#8220; global_colors_info=&#8220;{}&#8220;][\/et_pb_divider][et_pb_text _builder_version=&#8220;4.22.0&#8243; _module_preset=&#8220;default&#8220; text_text_color=&#8220;#FFFFFF&#8220; custom_padding=&#8220;2px||0px|||&#8220; global_colors_info=&#8220;{}&#8220;]<p><strong>Learning Management System cimoio<\/strong> f\u00fcr das Trainingsmanagement bei Bildungsanbietern. Unsere Kunden, die sich als Bildungsanbieter bezeichnen, vertreiben als Kernprozess Bildung. Die Merkmale dieses Kernprozesses reichen von der Gestaltung der Bildungsprodukte \u00fcber die Bereitstellung zu einem Termin als Veranstaltung. All das inklusive der Zuordnung der notwendigen Ressourcen wie R\u00e4ume, Trainer und Ausstattung. Weiter geht es mit der Verwaltung der Buchungen und deren Abrechnung, welche im Zentrum des Gesch\u00e4ftsprozesses des Unternehmens steht.<\/p>\n<p>Unsere Kundenbasis reicht dabei von Abteilungen in einem Unternehmen bis hin zu kompletten Unternehmen, die keine anderen Prozesse verfolgen als Bildungsvertrieb.<\/p>[\/et_pb_text][\/et_pb_column][\/et_pb_row][\/et_pb_section][et_pb_section fb_built=&#8220;1&#8243; _builder_version=&#8220;4.16&#8243; _module_preset=&#8220;20b438f1-e298-4877-8981-72198881efe1&#8243; global_colors_info=&#8220;{}&#8220;][et_pb_row _builder_version=&#8220;4.16&#8243; _module_preset=&#8220;default&#8220; animation_style=&#8220;zoom&#8220; animation_direction=&#8220;right&#8220; animation_intensity_zoom=&#8220;10%&#8220; global_colors_info=&#8220;{}&#8220;][et_pb_column type=&#8220;4_4&#8243; _builder_version=&#8220;4.16&#8243; _module_preset=&#8220;default&#8220; global_colors_info=&#8220;{}&#8220;][et_pb_text _builder_version=&#8220;4.22.0&#8243; _module_preset=&#8220;_initial&#8220; custom_padding=&#8220;||0px|||&#8220; hover_enabled=&#8220;0&#8243; global_colors_info=&#8220;{}&#8220; sticky_enabled=&#8220;0&#8243;]<h2>Besondere Herausforderungen im Trainingsmanagement f\u00fcr Bildungsanbieter<\/h2>[\/et_pb_text][et_pb_divider color=&#8220;#29c4a9&#8243; divider_weight=&#8220;4px&#8220; disabled_on=&#8220;on|on|off&#8220; _builder_version=&#8220;4.16&#8243; background_size=&#8220;initial&#8220; background_position=&#8220;top_left&#8220; background_repeat=&#8220;repeat&#8220; max_width=&#8220;40px&#8220; module_alignment=&#8220;left&#8220; custom_margin=&#8220;||10px|&#8220; animation_direction=&#8220;left&#8220; saved_tabs=&#8220;all&#8220; locked=&#8220;off&#8220; global_colors_info=&#8220;{}&#8220;][\/et_pb_divider][et_pb_text _builder_version=&#8220;4.22.0&#8243; _module_preset=&#8220;default&#8220; custom_padding=&#8220;||0px|||&#8220; global_colors_info=&#8220;{}&#8220;]<p>Im Umfeld der Bildungsanbieter ist eine Herausforderung die \u00dcbersichtlichkeit \u00fcber das Bildungsangebot. Das Portfolio eines Bildungsanbieters kann sehr gro\u00df und &#8211; je nach Ausrichtung &#8211; auch sehr breit sein. Daher ist es wichtig, eine gute Kategorisierung und Suche mit Filtern zur Verf\u00fcgung zu stellen.<\/p>\n<p>Das Ziel ist dabei, den Kunden besonders schnell zu Inhalten zu f\u00fchren, die f\u00fcr ihn interessant sind. Und das auch bei einem abwechslungsreichen und gro\u00dfen Angebot. Dazu k\u00f6nnen &#8211; bei entsprechender Datenbasis &#8211; auch weitere Funktionen wie zum Beispiel Zielgruppenzuordnungen genutzt werden.<\/p>\n<p>Eine weitere Herausforderung ist die Bereitstellung der Inhalte f\u00fcr andere externe Anbieter, wie zum Beispiel <a href=\"https:\/\/www.arbeitsagentur.de\/kursnet\" target=\"_blank\" rel=\"noopener\" title=\"Link zu kursnet von der Arbeitsagentur\">kursnet<\/a> von der Arbeitsagentur, f\u00fcr das wir bereits zwei Schnittstellen erstellt haben &#8211; und somit schon Know-How aufgebaut haben.<\/p>[\/et_pb_text][\/et_pb_column][\/et_pb_row][\/et_pb_section][et_pb_section fb_built=&#8220;1&#8243; _builder_version=&#8220;4.16&#8243; _module_preset=&#8220;74e3c6fb-647a-49bb-96a6-4a121c7b7aae&#8220; locked=&#8220;off&#8220; global_colors_info=&#8220;{}&#8220;][et_pb_row _builder_version=&#8220;4.16&#8243; _module_preset=&#8220;default&#8220; animation_style=&#8220;zoom&#8220; animation_intensity_zoom=&#8220;10%&#8220; global_colors_info=&#8220;{}&#8220;][et_pb_column type=&#8220;4_4&#8243; _builder_version=&#8220;4.16&#8243; _module_preset=&#8220;default&#8220; global_colors_info=&#8220;{}&#8220;][et_pb_text _builder_version=&#8220;4.22.0&#8243; _module_preset=&#8220;6aefb096-509e-4f36-a71e-e71a8d1d6284&#8243; hover_enabled=&#8220;0&#8243; global_colors_info=&#8220;{}&#8220; sticky_enabled=&#8220;0&#8243;]<h2>Beispielprojekt Bildungsanbieter<\/h2>[\/et_pb_text][et_pb_divider color=&#8220;#29c4a9&#8243; divider_weight=&#8220;4px&#8220; disabled_on=&#8220;on|on|off&#8220; _builder_version=&#8220;4.16&#8243; background_size=&#8220;initial&#8220; background_position=&#8220;top_left&#8220; background_repeat=&#8220;repeat&#8220; max_width=&#8220;40px&#8220; module_alignment=&#8220;left&#8220; custom_margin=&#8220;||10px|&#8220; animation_direction=&#8220;left&#8220; saved_tabs=&#8220;all&#8220; locked=&#8220;off&#8220; global_colors_info=&#8220;{}&#8220;][\/et_pb_divider][et_pb_text _builder_version=&#8220;4.22.0&#8243; _module_preset=&#8220;default&#8220; text_text_color=&#8220;#FFFFFF&#8220; custom_padding=&#8220;||0px|||&#8220; hover_enabled=&#8220;0&#8243; global_colors_info=&#8220;{}&#8220; sticky_enabled=&#8220;0&#8243;]<p>Eine Erfolgsgeschichte ist unser Projekt mit der <a href=\"https:\/\/www.spk-akademie.de\/\" title=\"Website der Sparkassenakademie Baden-W\u00fcrttemberg\" target=\"_blank\" rel=\"noopener\">Sparkassenakademie Baden-W\u00fcrttemberg<\/a> &#8211; ein klassisches Beispiel f\u00fcr eine Anwendung von cimoio bei einem Bildungsanbieter. Bei der Sparkassenakademie Baden-W\u00fcrttemberg werden sowohl die Auszubildenden, Studenten als auch die Mitarbeiter der Sparkassen \u00fcber cimoio verarbeitet. Lesen Sie mehr in den<span style=\"color: #ffffff;\"> <a href=\"\/cms\/erfolgsgeschichten\/\" title=\"Link zu den Erfolgsgeschichten\" style=\"color: #ffffff;\">Erfolgsgeschichten<\/a>.<\/span><\/p>[\/et_pb_text][\/et_pb_column][\/et_pb_row][\/et_pb_section][et_pb_section fb_built=&#8220;1&#8243; _builder_version=&#8220;4.16&#8243; _module_preset=&#8220;20b438f1-e298-4877-8981-72198881efe1&#8243; locked=&#8220;off&#8220; global_colors_info=&#8220;{}&#8220;][et_pb_row _builder_version=&#8220;4.16&#8243; _module_preset=&#8220;default&#8220; locked=&#8220;off&#8220; global_colors_info=&#8220;{}&#8220;][et_pb_column type=&#8220;4_4&#8243; _builder_version=&#8220;4.16&#8243; _module_preset=&#8220;default&#8220; global_colors_info=&#8220;{}&#8220;][et_pb_divider _builder_version=&#8220;4.16&#8243; _module_preset=&#8220;default&#8220; global_colors_info=&#8220;{}&#8220;][\/et_pb_divider][\/et_pb_column][\/et_pb_row][et_pb_row column_structure=&#8220;1_2,1_2&#8243; module_class=&#8220;FlexRow&#8220; _builder_version=&#8220;4.16&#8243; _module_preset=&#8220;default&#8220; animation_style=&#8220;zoom&#8220; animation_intensity_zoom=&#8220;10%&#8220; global_colors_info=&#8220;{}&#8220;][et_pb_column type=&#8220;1_2&#8243; _builder_version=&#8220;4.16&#8243; _module_preset=&#8220;default&#8220; global_colors_info=&#8220;{}&#8220;][et_pb_cta title=&#8220;cimoio passt sich modular an Sie an!&#8220; button_url=&#8220;@ET-DC@eyJkeW5hbWljIjp0cnVlLCJjb250ZW50IjoicG9zdF9saW5rX3VybF9wYWdlIiwic2V0dGluZ3MiOnsicG9zdF9pZCI6IjMyMiJ9fQ==@&#8220; button_text=&#8220;Lesen Sie mehr&#8220; _builder_version=&#8220;4.9.10&#8243; _dynamic_attributes=&#8220;button_url&#8220; _module_preset=&#8220;14cdcb01-e127-4c34-9ba1-038b96599f80&#8243; global_module=&#8220;1907&#8243; saved_tabs=&#8220;all&#8220; global_colors_info=&#8220;{}&#8220;]<p>Hier finden Sie mehr Informationen zum Basismodul aber auch zu den weiteren Modulen, die Sie individuell und nach Bedarf hinzuf\u00fcgen k\u00f6nnen, um mit cimoio ihre Prozesse unterst\u00fctzen zu k\u00f6nnen.<\/p>\n[\/et_pb_cta][\/et_pb_column][et_pb_column type=&#8220;1_2&#8243; _builder_version=&#8220;4.16&#8243; _module_preset=&#8220;default&#8220; global_colors_info=&#8220;{}&#8220;][et_pb_cta title=&#8220;Erfolgsgeschichten mit cimoio&#8220; button_url=&#8220;@ET-DC@eyJkeW5hbWljIjp0cnVlLCJjb250ZW50IjoicG9zdF9saW5rX3VybF9wYWdlIiwic2V0dGluZ3MiOnsicG9zdF9pZCI6IjIzODMifX0=@&#8220; button_text=&#8220;Lesen Sie mehr&#8220; _builder_version=&#8220;4.14.8&#8243; _dynamic_attributes=&#8220;button_url&#8220; _module_preset=&#8220;14cdcb01-e127-4c34-9ba1-038b96599f80&#8243; global_module=&#8220;1905&#8243; global_colors_info=&#8220;{}&#8220;]<p>Hier finden Sie mehr Informationen zu Projekten, in denen wir cimoio erfolgreich bei Kunden eingef\u00fchrt haben und an die Bed\u00fcrfnisse ihrer Gesch\u00e4ftsprozesse angepasst haben.<\/p>\n[\/et_pb_cta][\/et_pb_column][\/et_pb_row][\/et_pb_section]\n","protected":false},"excerpt":{"rendered":"<p>Trainingsmanagement f\u00fcr BildungsanbieterLearning Management System cimoio f\u00fcr das Trainingsmanagement bei Bildungsanbietern. Unsere Kunden, die sich als Bildungsanbieter bezeichnen, vertreiben als Kernprozess Bildung. Die Merkmale dieses Kernprozesses reichen von der Gestaltung der Bildungsprodukte \u00fcber die Bereitstellung zu einem Termin als Veranstaltung. All das inklusive der Zuordnung der notwendigen Ressourcen wie R\u00e4ume, Trainer und Ausstattung. Weiter geht [&hellip;]<\/p>\n","protected":false},"author":3,"featured_media":0,"parent":236,"menu_order":31,"comment_status":"closed","ping_status":"closed","template":"","meta":{"_et_pb_use_builder":"on","_et_pb_old_content":"<!-- wp:divi\/placeholder \/-->","_et_gb_content_width":"","inline_featured_image":false,"footnotes":""},"class_list":["post-328","page","type-page","status-publish","hentry"],"yoast_head":"<!-- This site is optimized with the Yoast SEO plugin v27.2 - https:\/\/yoast.com\/product\/yoast-seo-wordpress\/ -->\n<title>Trainingsmanagement f\u00fcr Bildungsanbieter | cimoio<\/title>\n<meta name=\"description\" content=\"Learning Management System - cimoio - \u25b6\ufe0f Trainingsmanagement f\u00fcr Bildungsanbieter \ud83d\udcda Erfahren Sie mehr \u00fcber unsere Plattform. \u2757\" \/>\n<meta name=\"robots\" content=\"index, follow, max-snippet:-1, max-image-preview:large, max-video-preview:-1\" \/>\n<link rel=\"canonical\" href=\"https:\/\/www.cimoio.de\/cms\/branchenloesungen\/bildungsanbieter\/\" \/>\n<meta property=\"og:locale\" content=\"de_DE\" \/>\n<meta property=\"og:type\" content=\"article\" \/>\n<meta property=\"og:title\" content=\"Trainingsmanagement f\u00fcr Bildungsanbieter | cimoio\" \/>\n<meta property=\"og:description\" content=\"Learning Management System - cimoio - \u25b6\ufe0f Trainingsmanagement f\u00fcr Bildungsanbieter \ud83d\udcda Erfahren Sie mehr \u00fcber unsere Plattform. \u2757\" \/>\n<meta property=\"og:url\" content=\"https:\/\/www.cimoio.de\/cms\/branchenloesungen\/bildungsanbieter\/\" \/>\n<meta property=\"og:site_name\" content=\"cimoio\" \/>\n<meta property=\"article:modified_time\" content=\"2024-05-03T13:58:25+00:00\" \/>\n<meta name=\"twitter:card\" content=\"summary_large_image\" \/>\n<script type=\"application\/ld+json\" class=\"yoast-schema-graph\">{\"@context\":\"https:\/\/schema.org\",\"@graph\":[{\"@type\":\"WebPage\",\"@id\":\"https:\/\/www.cimoio.de\/cms\/branchenloesungen\/bildungsanbieter\/\",\"url\":\"https:\/\/www.cimoio.de\/cms\/branchenloesungen\/bildungsanbieter\/\",\"name\":\"Trainingsmanagement f\u00fcr Bildungsanbieter | cimoio\",\"isPartOf\":{\"@id\":\"https:\/\/www.cimoio.de\/cms\/#website\"},\"datePublished\":\"2021-06-09T16:03:35+00:00\",\"dateModified\":\"2024-05-03T13:58:25+00:00\",\"description\":\"Learning Management System - cimoio - \u25b6\ufe0f Trainingsmanagement f\u00fcr Bildungsanbieter \ud83d\udcda Erfahren Sie mehr \u00fcber unsere Plattform. \u2757\",\"breadcrumb\":{\"@id\":\"https:\/\/www.cimoio.de\/cms\/branchenloesungen\/bildungsanbieter\/#breadcrumb\"},\"inLanguage\":\"de\",\"potentialAction\":[{\"@type\":\"ReadAction\",\"target\":[\"https:\/\/www.cimoio.de\/cms\/branchenloesungen\/bildungsanbieter\/\"]}]},{\"@type\":\"BreadcrumbList\",\"@id\":\"https:\/\/www.cimoio.de\/cms\/branchenloesungen\/bildungsanbieter\/#breadcrumb\",\"itemListElement\":[{\"@type\":\"ListItem\",\"position\":1,\"name\":\"Home\",\"item\":\"https:\/\/www.cimoio.de\/cms\/\"},{\"@type\":\"ListItem\",\"position\":2,\"name\":\"cimoio die Branchenl\u00f6sung f\u00fcr Trainingsmanagement\",\"item\":\"https:\/\/www.cimoio.de\/cms\/branchenloesungen\/\"},{\"@type\":\"ListItem\",\"position\":3,\"name\":\"Trainingsmanagement f\u00fcr Bildungsanbieter\"}]},{\"@type\":\"WebSite\",\"@id\":\"https:\/\/www.cimoio.de\/cms\/#website\",\"url\":\"https:\/\/www.cimoio.de\/cms\/\",\"name\":\"cimoio\",\"description\":\"Trainingsmanagement Software f\u00fcr Unternehmen\",\"publisher\":{\"@id\":\"https:\/\/www.cimoio.de\/cms\/#organization\"},\"potentialAction\":[{\"@type\":\"SearchAction\",\"target\":{\"@type\":\"EntryPoint\",\"urlTemplate\":\"https:\/\/www.cimoio.de\/cms\/?s={search_term_string}\"},\"query-input\":{\"@type\":\"PropertyValueSpecification\",\"valueRequired\":true,\"valueName\":\"search_term_string\"}}],\"inLanguage\":\"de\"},{\"@type\":\"Organization\",\"@id\":\"https:\/\/www.cimoio.de\/cms\/#organization\",\"name\":\"STL GmbH\",\"url\":\"https:\/\/www.cimoio.de\/cms\/\",\"logo\":{\"@type\":\"ImageObject\",\"inLanguage\":\"de\",\"@id\":\"https:\/\/www.cimoio.de\/cms\/#\/schema\/logo\/image\/\",\"url\":\"https:\/\/www.cimoio.de\/cms\/wp-content\/uploads\/2021\/04\/Logo_stl_mc_cyan_1673x261.png\",\"contentUrl\":\"https:\/\/www.cimoio.de\/cms\/wp-content\/uploads\/2021\/04\/Logo_stl_mc_cyan_1673x261.png\",\"width\":1673,\"height\":261,\"caption\":\"STL GmbH\"},\"image\":{\"@id\":\"https:\/\/www.cimoio.de\/cms\/#\/schema\/logo\/image\/\"},\"sameAs\":[\"https:\/\/de.linkedin.com\/company\/stl-gmbh\"]}]}<\/script>\n<!-- \/ Yoast SEO plugin. -->","yoast_head_json":{"title":"Trainingsmanagement f\u00fcr Bildungsanbieter | cimoio","description":"Learning Management System - cimoio - \u25b6\ufe0f Trainingsmanagement f\u00fcr Bildungsanbieter \ud83d\udcda Erfahren Sie mehr \u00fcber unsere Plattform. \u2757","robots":{"index":"index","follow":"follow","max-snippet":"max-snippet:-1","max-image-preview":"max-image-preview:large","max-video-preview":"max-video-preview:-1"},"canonical":"https:\/\/www.cimoio.de\/cms\/branchenloesungen\/bildungsanbieter\/","og_locale":"de_DE","og_type":"article","og_title":"Trainingsmanagement f\u00fcr Bildungsanbieter | cimoio","og_description":"Learning Management System - cimoio - \u25b6\ufe0f Trainingsmanagement f\u00fcr Bildungsanbieter \ud83d\udcda Erfahren Sie mehr \u00fcber unsere Plattform. \u2757","og_url":"https:\/\/www.cimoio.de\/cms\/branchenloesungen\/bildungsanbieter\/","og_site_name":"cimoio","article_modified_time":"2024-05-03T13:58:25+00:00","twitter_card":"summary_large_image","schema":{"@context":"https:\/\/schema.org","@graph":[{"@type":"WebPage","@id":"https:\/\/www.cimoio.de\/cms\/branchenloesungen\/bildungsanbieter\/","url":"https:\/\/www.cimoio.de\/cms\/branchenloesungen\/bildungsanbieter\/","name":"Trainingsmanagement f\u00fcr Bildungsanbieter | cimoio","isPartOf":{"@id":"https:\/\/www.cimoio.de\/cms\/#website"},"datePublished":"2021-06-09T16:03:35+00:00","dateModified":"2024-05-03T13:58:25+00:00","description":"Learning Management System - cimoio - \u25b6\ufe0f Trainingsmanagement f\u00fcr Bildungsanbieter \ud83d\udcda Erfahren Sie mehr \u00fcber unsere Plattform. \u2757","breadcrumb":{"@id":"https:\/\/www.cimoio.de\/cms\/branchenloesungen\/bildungsanbieter\/#breadcrumb"},"inLanguage":"de","potentialAction":[{"@type":"ReadAction","target":["https:\/\/www.cimoio.de\/cms\/branchenloesungen\/bildungsanbieter\/"]}]},{"@type":"BreadcrumbList","@id":"https:\/\/www.cimoio.de\/cms\/branchenloesungen\/bildungsanbieter\/#breadcrumb","itemListElement":[{"@type":"ListItem","position":1,"name":"Home","item":"https:\/\/www.cimoio.de\/cms\/"},{"@type":"ListItem","position":2,"name":"cimoio die Branchenl\u00f6sung f\u00fcr Trainingsmanagement","item":"https:\/\/www.cimoio.de\/cms\/branchenloesungen\/"},{"@type":"ListItem","position":3,"name":"Trainingsmanagement f\u00fcr Bildungsanbieter"}]},{"@type":"WebSite","@id":"https:\/\/www.cimoio.de\/cms\/#website","url":"https:\/\/www.cimoio.de\/cms\/","name":"cimoio","description":"Trainingsmanagement Software f\u00fcr Unternehmen","publisher":{"@id":"https:\/\/www.cimoio.de\/cms\/#organization"},"potentialAction":[{"@type":"SearchAction","target":{"@type":"EntryPoint","urlTemplate":"https:\/\/www.cimoio.de\/cms\/?s={search_term_string}"},"query-input":{"@type":"PropertyValueSpecification","valueRequired":true,"valueName":"search_term_string"}}],"inLanguage":"de"},{"@type":"Organization","@id":"https:\/\/www.cimoio.de\/cms\/#organization","name":"STL GmbH","url":"https:\/\/www.cimoio.de\/cms\/","logo":{"@type":"ImageObject","inLanguage":"de","@id":"https:\/\/www.cimoio.de\/cms\/#\/schema\/logo\/image\/","url":"https:\/\/www.cimoio.de\/cms\/wp-content\/uploads\/2021\/04\/Logo_stl_mc_cyan_1673x261.png","contentUrl":"https:\/\/www.cimoio.de\/cms\/wp-content\/uploads\/2021\/04\/Logo_stl_mc_cyan_1673x261.png","width":1673,"height":261,"caption":"STL GmbH"},"image":{"@id":"https:\/\/www.cimoio.de\/cms\/#\/schema\/logo\/image\/"},"sameAs":["https:\/\/de.linkedin.com\/company\/stl-gmbh"]}]}},"_links":{"self":[{"href":"https:\/\/www.cimoio.de\/cms\/wp-json\/wp\/v2\/pages\/328","targetHints":{"allow":["GET"]}}],"collection":[{"href":"https:\/\/www.cimoio.de\/cms\/wp-json\/wp\/v2\/pages"}],"about":[{"href":"https:\/\/www.cimoio.de\/cms\/wp-json\/wp\/v2\/types\/page"}],"author":[{"embeddable":true,"href":"https:\/\/www.cimoio.de\/cms\/wp-json\/wp\/v2\/users\/3"}],"replies":[{"embeddable":true,"href":"https:\/\/www.cimoio.de\/cms\/wp-json\/wp\/v2\/comments?post=328"}],"version-history":[{"count":39,"href":"https:\/\/www.cimoio.de\/cms\/wp-json\/wp\/v2\/pages\/328\/revisions"}],"predecessor-version":[{"id":4707,"href":"https:\/\/www.cimoio.de\/cms\/wp-json\/wp\/v2\/pages\/328\/revisions\/4707"}],"up":[{"embeddable":true,"href":"https:\/\/www.cimoio.de\/cms\/wp-json\/wp\/v2\/pages\/236"}],"wp:attachment":[{"href":"https:\/\/www.cimoio.de\/cms\/wp-json\/wp\/v2\/media?parent=328"}],"curies":[{"name":"wp","href":"https:\/\/api.w.org\/{rel}","templated":true}]}}