{"id":640,"date":"2021-07-28T16:28:53","date_gmt":"2021-07-28T14:28:53","guid":{"rendered":"https:\/\/www.stl-software.de\/cms\/?page_id=640"},"modified":"2025-07-09T15:24:51","modified_gmt":"2025-07-09T13:24:51","slug":"was-ist-cimoio","status":"publish","type":"page","link":"https:\/\/www.cimoio.de\/cms\/cimoio-und-module\/was-ist-cimoio\/","title":{"rendered":"cimoio &#8211; Trainingsmanagementsystem"},"content":{"rendered":"<p>[et_pb_section fb_built=&#8220;1&#8243; module_class=&#8220;PrimaryBackground&#8220; _builder_version=&#8220;4.16&#8243; _module_preset=&#8220;default&#8220; background_image=&#8220;https:\/\/www.cimoio.de\/cms\/wp-content\/uploads\/2021\/05\/Abstract_white_background_2_blured_20-scaled.jpg&#8220; custom_margin=&#8220;||||false|false&#8220; custom_padding=&#8220;100px||||false|false&#8220; top_divider_color=&#8220;#009fe3&#8243; box_shadow_style=&#8220;preset1&#8243; global_colors_info=&#8220;{}&#8220;][et_pb_row column_structure=&#8220;1_4,3_4&#8243; _builder_version=&#8220;4.16&#8243; _module_preset=&#8220;default&#8220; animation_style=&#8220;slide&#8220; animation_intensity_slide=&#8220;10%&#8220; global_colors_info=&#8220;{}&#8220;][et_pb_column type=&#8220;1_4&#8243; _builder_version=&#8220;4.16&#8243; _module_preset=&#8220;default&#8220; global_colors_info=&#8220;{}&#8220;][et_pb_image src=&#8220;https:\/\/www.cimoio.de\/cms\/wp-content\/uploads\/2021\/09\/iconmonstr-speech-bubble-30.svg&#8220; title_text=&#8220;iconmonstr-speech-bubble-30&#8243; force_fullwidth=&#8220;on&#8220; _builder_version=&#8220;4.16&#8243; _module_preset=&#8220;default&#8220; min_height=&#8220;225px&#8220; global_colors_info=&#8220;{}&#8220;][\/et_pb_image][\/et_pb_column][et_pb_column type=&#8220;3_4&#8243; _builder_version=&#8220;4.16&#8243; _module_preset=&#8220;default&#8220; global_colors_info=&#8220;{}&#8220;][et_pb_text _builder_version=&#8220;4.23&#8243; _module_preset=&#8220;6aefb096-509e-4f36-a71e-e71a8d1d6284&#8243; background_layout=&#8220;dark&#8220; global_colors_info=&#8220;{}&#8220;]<\/p>\n<h1>Was ist cimoio? Ein TMS &#8211; LMS &#8211; LXP? In K\u00fcrze: ein Trainingsmanagementsystem<\/h1>\n<p>[\/et_pb_text][et_pb_divider color=&#8220;#29c4a9&#8243; divider_weight=&#8220;4px&#8220; disabled_on=&#8220;on|on|off&#8220; _builder_version=&#8220;4.16&#8243; background_size=&#8220;initial&#8220; background_position=&#8220;top_left&#8220; background_repeat=&#8220;repeat&#8220; max_width=&#8220;40px&#8220; module_alignment=&#8220;left&#8220; custom_margin=&#8220;||10px|&#8220; animation_direction=&#8220;left&#8220; saved_tabs=&#8220;all&#8220; locked=&#8220;off&#8220; global_colors_info=&#8220;{}&#8220;][\/et_pb_divider][et_pb_text _builder_version=&#8220;4.24.3&#8243; _module_preset=&#8220;default&#8220; text_text_color=&#8220;#FFFFFF&#8220; hover_enabled=&#8220;0&#8243; global_colors_info=&#8220;{}&#8220; sticky_enabled=&#8220;0&#8243;]<\/p>\n<p>cimoio, das Trainingsmanagementsystem der <a href=\"https:\/\/www.stl-software.de\/cms\/\" target=\"_blank\" rel=\"noopener\" title=\"Homepage der STL GmbH\">STL GmbH<\/a>! Viele K\u00fcrzel und Begriffe sind im Internet rund um Trainingsmanagement zu lesen: LMS, TMS, LXP LRS sowie L&amp;D, PE und viele mehr. Aber was bedeuten die dahinter stehenden Begriffe eigentlich?<\/p>\n<p>Da gibt es zuerst die Antwort, was die Begriffe in der Fachliteratur und wissenschaftlichen Abhandlungen bedeuten. Und als zweites die Antwort, was sie im Umgangssprachlichen inzwischen f\u00fcr eine Bedeutung angenommen haben.<\/p>\n<p>Die Abweichungen machen es manchmal etwas schwer, sicherzustellen, dass Kunden und Lieferanten von der selben Sache sprechen. Im Fall der Lieferanten ist diese Begriffs-Unklarheit oft auch gewollt, weil sie sich davon im Vertrieb versprechen, mit kleinem Umfang aber gro\u00dfem Begriff Kunden f\u00fcr sich gewinnen zu k\u00f6nnen.<\/p>\n<p>Aber um Ihnen zu erkl\u00e4ren, warum wir cimoio vorrangig als ein Trainingsmanagementsystem darstellen, lesen Sie die folgenden Abschnitte!<\/p>\n<p>[\/et_pb_text][\/et_pb_column][\/et_pb_row][\/et_pb_section][et_pb_section fb_built=&#8220;1&#8243; _builder_version=&#8220;4.16&#8243; _module_preset=&#8220;default&#8220; global_colors_info=&#8220;{}&#8220;][et_pb_row _builder_version=&#8220;4.16&#8243; _module_preset=&#8220;default&#8220; min_height=&#8220;150px&#8220; animation_style=&#8220;zoom&#8220; global_colors_info=&#8220;{}&#8220;][et_pb_column type=&#8220;4_4&#8243; _builder_version=&#8220;4.16&#8243; _module_preset=&#8220;default&#8220; global_colors_info=&#8220;{}&#8220;][et_pb_text _builder_version=&#8220;4.16&#8243; _module_preset=&#8220;default&#8220; custom_padding=&#8220;||0px|||&#8220; global_colors_info=&#8220;{}&#8220;]<\/p>\n<p>Im Folgenden erkl\u00e4ren wir gerne unsere Sicht auf diese Begriffe. Diese mag sich nicht eins zu eins mit dem Verst\u00e4ndnis aller unserer Leser:innen decken &#8211; wir sind an der Stelle f\u00fcr den Dialog offen.<\/p>\n<p>Nach mehr als zwanzig Jahren Erfahrung der STL GmbH und unserem langj\u00e4hrigen Engagement in Projekten unserer Kunden sind wir allerdings sicher, dass diese Definitionen durchaus valide sind.<\/p>\n<p>[\/et_pb_text][\/et_pb_column][\/et_pb_row][et_pb_row _builder_version=&#8220;4.16&#8243; _module_preset=&#8220;default&#8220; animation_style=&#8220;slide&#8220; animation_direction=&#8220;left&#8220; animation_intensity_slide=&#8220;10%&#8220; global_colors_info=&#8220;{}&#8220;][et_pb_column type=&#8220;4_4&#8243; _builder_version=&#8220;4.16&#8243; _module_preset=&#8220;default&#8220; global_colors_info=&#8220;{}&#8220;][et_pb_toggle title=&#8220;Trainingsmanagementsystem (TMS)&#8220; _builder_version=&#8220;4.23&#8243; _module_preset=&#8220;6e2f755c-18b7-4be0-a42b-d1135bcc9b5e&#8220; title_level=&#8220;h3&#8243; global_colors_info=&#8220;{}&#8220;]<\/p>\n<p>Dieser Begriff meint im urspr\u00fcnglichen Sinne Systeme, in denen Daten zu Trainings verwaltet werden. Vom Trainingsprodukt \u00fcber die Veranstaltung mit Trainer und Raum bis zu den Buchungen der Teilnehmer und deren Teilnahme &#8211; also ob erfolgreich oder nicht. Dabei sind vorrangig Pr\u00e4senztrainings gemeint gewesen, aber digitale Lernformen nicht explizit ausgeschlossen. Trainingsmanagementsysteme sind sehr nah verwandt mit Veranstaltungssystemen der Hotel- und Messebranche. Auch dort geht es um Termine, Orte\/R\u00e4ume und Ausstattung.<\/p>\n<p>Daher stammt auch die weitergehende Bezeichnung <strong>Training Resource Management System.<\/strong> Diese Bezeichnung weist auf den besonderen Stellenwert der Ressourcenverwaltung (Trainer, R\u00e4ume und technische Ausstattung) im Kontext von Pr\u00e4senztrainings hin.<\/p>\n<p>Ein <strong>TMS<\/strong> hat seinen Fokus daher auch auf den administrativen Prozessen, die notwendig sind, um (Pr\u00e4senz-)Trainings zu organisieren und auch logistisch die ben\u00f6tigten Ressourcen zur richtigen Zeit am richtigen Ort zusammenzuf\u00fchren.<\/p>\n<p>Die Nutzung des <a href=\"\/cms\/was-ist-ein-trainingsmanagementsystem-tms\/\" title=\"Unsere Definition des Begriffs Trainingsmanagementsystem\">Begriffs <strong>Trainingsmanagementsystem<\/strong><\/a> ist im deutschsprachigen Raum inzwischen weitgehend verdr\u00e4ngt worden vom englischen Begriff &#8222;LMS&#8220; &#8211; dem &#8222;Learningmanagementsystem&#8220;.<\/p>\n<p>Und cimoio wurde vor mehr als zwanzig Jahren als Trainingsmanagementsystem geschaffen.<\/p>\n<p>&nbsp;<\/p>\n<p>[\/et_pb_toggle][et_pb_toggle title=&#8220;Seminarverwaltung&#8220; _builder_version=&#8220;4.22.0&#8243; _module_preset=&#8220;6e2f755c-18b7-4be0-a42b-d1135bcc9b5e&#8220; title_level=&#8220;h3&#8243; global_colors_info=&#8220;{}&#8220;]<\/p>\n<p>Dieser Begriff ist im deutschen Sprachraum durchaus noch in Gebrauch. Er bezeichnet &#8211; \u00e4hnlich unscharf wie Trainingsmanagement und LMS &#8211; ein System zur Verwaltung von Seminaren.<br \/>In der Kommunikation mit Kunden im Hinblick auf das Wort &#8222;Seminar&#8220; stimmen wir uns fr\u00fchzeitig ab, was damit gemeint ist. Zwei Bedeutungen sind m\u00f6glich: die strukturelle Idee eines Trainings &#8211; in cimoio (Bildungs-)Produkt genannt &#8211; oder die konkrete Durchf\u00fchrung &#8211; in cimoio Veranstaltung genannt. Denn es gibt f\u00fcr das Wort Seminar unterschiedliche Bez\u00fcge, die noch dazu regional gef\u00e4rbt sein k\u00f6nnen durch Dialekte.<\/p>\n<p>Letztendlich bezeichnet es aber ein System zur Verwaltung von Seminaren, egal auf welcher Ebene.<\/p>\n<p>[\/et_pb_toggle][et_pb_toggle title=&#8220;Learning Management System (LMS)&#8220; _builder_version=&#8220;4.23&#8243; _module_preset=&#8220;6e2f755c-18b7-4be0-a42b-d1135bcc9b5e&#8220; title_level=&#8220;h3&#8243; global_colors_info=&#8220;{}&#8220;]<\/p>\n<p>Der Begriff <a href=\"\/cms\/was-ist-ein-learning-management-system-lms\/\" title=\"Mehr Informationen zu Learning Management System\"><strong>Learning Management System<\/strong><\/a> &#8211; zu deutsch: Lernplattform &#8211; ist aus der Entwicklung von eLearnings bzw. web-based Trainings (WBTs) entstanden. Also als digitale Lernelemente aufkamen im Zuge fortschreitender Digitalisierung. Dabei ist egal, ob es sich bei einem Lernartefakt um ein Video, Dokumente wie PDFs oder Lerneinheiten in einem technischen Format wie SCORM handelt. Denn ihnen ist gemeinsam, dass sie nur einmal bereitgestellt werden brauchen und dann ortsunabh\u00e4ngig in beliebiger H\u00e4ufigkeit immer gleich f\u00fcr jeden Teilnehmer vorhanden sind.<\/p>\n<p>Das macht einen gro\u00dfen Unterschied zu Pr\u00e4senztrainings aus, f\u00fcr die mindestens die Ressourcen Trainer und Raum bereitgestellt werden m\u00fcssen. Und f\u00fcr die ein Unternehmen eventuell weitere Ausstattung ben\u00f6tigt. Au\u00dferdem m\u00fcssen sich die Teilnehmer zum Pr\u00e4senztraining hinbewegen.<\/p>\n<p>Daraus folgt, dass ein <strong>LMS<\/strong> sich vorrangig um die Prozesse zur Auslieferung digitaler Informationen und Inhalte k\u00fcmmert. F\u00fcr diese muss ein System logistisch nur sicherstellen, dass es f\u00fcr Lernende \u00fcber entsprechende digitale Kan\u00e4le zug\u00e4nglich ist. Die logistischen Fragen und administrativen Prozesse zur Planung einer (Pr\u00e4senz-)veranstaltung sind zweitrangig.<\/p>\n<p>Ein LMS kann mit wenig technischem Zusatz-Aufwand bis zu einem gewissen Grad an die administrativen Bed\u00fcrfnisse von Personen oder Unternehmen mit Pr\u00e4senztrainings angepasst werden. Dadurch hat der Begriff <strong>LMS<\/strong> begonnen, den Begriff TMS abzul\u00f6sen. Denn obwohl die Anforderungen sich voneinander unterscheiden, sorgen die gro\u00dffl\u00e4chigen \u00dcberlappungen daf\u00fcr, dass im Marketing der Unterschied wenig betont wird. Die technischen Herausforderungen f\u00fcr ein LMS liegen niedriger, als die f\u00fcr ein TMS. Daraus erkl\u00e4rt sich auch die gro\u00dfe Anzahl an <strong>LMS<\/strong>-Anbietern auf dem Weltmarkt.<\/p>\n<p>Trotzdem sollte jeder Interessent f\u00fcr ein <strong>LMS<\/strong> gut pr\u00fcfen, ob ein <strong>LMS<\/strong> wirklich die gesuchte L\u00f6sung ist oder eigentlich ein TMS ben\u00f6tigt wird.<\/p>\n<p>Unabh\u00e4ngig von der Begriffsverschiebung ist ein LMS also ein System zur Auslieferung digitaler Inhalte. Somit ist es eine Ausbaustufe, die wir f\u00fcr cimoio, dass seine Existenz als Trainingsmanagementsystem begann, schon lange durch Weiterentwicklung erreicht haben.<\/p>\n<p>[\/et_pb_toggle][et_pb_toggle title=&#8220;Learning Experience Plattform (LXP)&#8220; _builder_version=&#8220;4.22.0&#8243; _module_preset=&#8220;6e2f755c-18b7-4be0-a42b-d1135bcc9b5e&#8220; title_level=&#8220;h3&#8243; global_colors_info=&#8220;{}&#8220;]<\/p>\n<p>Der Begriff &#8222;<strong>Learning Experience Platform<\/strong>&#8220; ist relativ neu. Er beschreibt Lern-Plattformen, die neben dem Fokus auf die administrativen Aufgaben eines TMS oder die Auslieferung von vorrangig digitalen Inhalten aus einem LMS vor allem die User Experience der Lernenden im Auge hat. Die Theorie ist, dass &#8211; \u00e4hnlich zu digitalen Plattformen wie Amazon Prime oder Netflix oder Disney+ &#8211; der Kunde gef\u00fchlt im Modus &#8222;selbst-gesteuertes Lernen&#8220; \u00fcber einen Katalog sehr leicht zu digitalen Inhalten kommt.<\/p>\n<p>Tats\u00e4chlich ist er aber oft in einem Teil-Modus &#8222;gesteuertes Lernen&#8220; unterwegs, weil \u00fcber seine aktuellen Skills, Lernverhalten, Position etc. sowie im Umfeld Corporate Learning durch Regeln der Personalentwicklung die <strong>LXP<\/strong> vorbestimmt, was sinnvoll oder notwendig f\u00fcr ihn ist.<\/p>\n<p>Dem Vorteil einer positiven User Experience stehen alle Probleme einer Algorithmus-gesteuerten Logik gegen\u00fcber, die versucht aus Verhalten und Daten festzulegen, was dem Lernenden vorgeschlagen wird.<\/p>\n<p>Eine <strong>LXP<\/strong> steht nicht in Konkurrenz zu einem TMS oder LMS sondern ist vorrangig eine Frage der Darstellung. Je nach Eingriff mit Regeln ist auch die User-Steuerung bedeutungsgeben, also: wie Trainingsinhalte aus den administrativen Prozessen in TMS\/LMS f\u00fcr den Endkunden aufbereitet werden.<\/p>\n<p>[\/et_pb_toggle][et_pb_toggle title=&#8220;Und was ist jetzt cimoio&#8230;?&#8220; _builder_version=&#8220;4.22.1&#8243; _module_preset=&#8220;6e2f755c-18b7-4be0-a42b-d1135bcc9b5e&#8220; title_level=&#8220;h3&#8243; global_colors_info=&#8220;{}&#8220;]<\/p>\n<p><strong>cimoio<\/strong> ist sowohl als auch.<\/p>\n<p><strong>cimoio<\/strong> ist ein Trainingsmanagementsystem &#8211; oder eine Seminarverwaltung &#8211; auf h\u00f6chstem Niveau: Sie k\u00f6nnen mit cimoio alle Prozesse rund um Bildungsinhalte administrativ unterst\u00fctzen und abwickeln. Details dazu lesen Sie <a href=\"\/cms\/cimoio-und-module\/basismodul\/\" title=\"Beschreibung des cimoio Basismoduls\">in dieser Beschreibung des Basismoduls<\/a>.<\/p>\n<p><strong>cimoio<\/strong> kann LMS in Vollendung: Welche Bildungsinhalt auch immer Sie ihren Endkunden pr\u00e4sentieren m\u00f6chten: wir liefern sie so aus, wie sie das m\u00f6chten. Details dazu lesen Sie <span style=\"color: #ffffff;\"><a href=\"\/cms\/cimoio-und-module\/modules-technical\/\" style=\"color: #ffffff;\" title=\"Beschreibung der technischen Module cimoios\">in dieser Beschreibung der cimoio Module.<\/a><\/span><\/p>\n<p><strong>cimoio<\/strong> kann LXP: Angefangen bei der reinen Darstellung in ihrem CI, haben wir verschiedenen Zugangswege entwickelt, um ihren Endkunden den Weg zu Pflicht-Veranstaltungen und zu Wunsch-Trainings so leicht wie m\u00f6glich zu machen. Details dazu lesen Sie <span style=\"color: #ffffff;\"><a href=\"\/cms\/cimoio-und-module\/portal-module\/\" style=\"color: #ffffff;\" title=\"Beschreibung der cimoio-Portale\">in dieser Beschreibung der cimoio-Portale.<\/a><\/span><\/p>\n<p>Aber vor allem kann <strong>cimoio<\/strong> das alles gleichzeitig:<br \/>Das beste Beispiel daf\u00fcr sind unsere Lernpl\u00e4ne, in denen die Planung von Pr\u00e4senztrainings mit digitalen Inhalten zusammenkommen zu einem komplexen Konstrukt, mit dem Sie beispielsweise ganze Ausbildungspl\u00e4ne f\u00fcr ihre Endkunden abbilden k\u00f6nnen.<\/p>\n<p>[\/et_pb_toggle][\/et_pb_column][\/et_pb_row][\/et_pb_section][et_pb_section fb_built=&#8220;1&#8243; _builder_version=&#8220;4.16&#8243; _module_preset=&#8220;default&#8220; locked=&#8220;off&#8220; global_colors_info=&#8220;{}&#8220;][et_pb_row _builder_version=&#8220;4.16&#8243; _module_preset=&#8220;default&#8220; global_colors_info=&#8220;{}&#8220;][et_pb_column type=&#8220;4_4&#8243; _builder_version=&#8220;4.16&#8243; _module_preset=&#8220;default&#8220; global_colors_info=&#8220;{}&#8220;][et_pb_divider _builder_version=&#8220;4.16&#8243; _module_preset=&#8220;default&#8220; global_colors_info=&#8220;{}&#8220;][\/et_pb_divider][\/et_pb_column][\/et_pb_row][et_pb_row column_structure=&#8220;1_3,1_3,1_3&#8243; module_class=&#8220;FlexRow&#8220; _builder_version=&#8220;4.16&#8243; _module_preset=&#8220;default&#8220; animation_style=&#8220;zoom&#8220; animation_intensity_zoom=&#8220;10%&#8220; global_colors_info=&#8220;{}&#8220;][et_pb_column type=&#8220;1_3&#8243; _builder_version=&#8220;4.16&#8243; _module_preset=&#8220;default&#8220; global_colors_info=&#8220;{}&#8220;][et_pb_cta title=&#8220;So weit das Basismodul reicht!&#8220; button_url=&#8220;@ET-DC@eyJkeW5hbWljIjp0cnVlLCJjb250ZW50IjoicG9zdF9saW5rX3VybF9wYWdlIiwic2V0dGluZ3MiOnsicG9zdF9pZCI6IjkxIn19@&#8220; button_text=&#8220;Lesen Sie mehr&#8220; _builder_version=&#8220;4.22.1&#8243; _dynamic_attributes=&#8220;button_url&#8220; _module_preset=&#8220;14cdcb01-e127-4c34-9ba1-038b96599f80&#8243; global_module=&#8220;1901&#8243; saved_tabs=&#8220;all&#8220; global_colors_info=&#8220;{}&#8220;]<\/p>\n<p>Hier finden Sie mehr Informationen zum Basismodul cimoio, welche Prozesse damit abgebildet werden und wie diese mit den Ausbaumodulen in Zusammenhang stehen.<\/p>\n<p>[\/et_pb_cta][\/et_pb_column][et_pb_column type=&#8220;1_3&#8243; _builder_version=&#8220;4.16&#8243; _module_preset=&#8220;default&#8220; global_colors_info=&#8220;{}&#8220;][et_pb_cta title=&#8220;Unsere Module zur Anpassung von cimoio&#8220; button_url=&#8220;@ET-DC@eyJkeW5hbWljIjp0cnVlLCJjb250ZW50IjoicG9zdF9saW5rX3VybF9wYWdlIiwic2V0dGluZ3MiOnsicG9zdF9pZCI6IjE0MyJ9fQ==@&#8220; button_text=&#8220;Lesen Sie mehr&#8220; _builder_version=&#8220;4.9.10&#8243; _dynamic_attributes=&#8220;button_url&#8220; _module_preset=&#8220;14cdcb01-e127-4c34-9ba1-038b96599f80&#8243; global_module=&#8220;1912&#8243; saved_tabs=&#8220;all&#8220; global_colors_info=&#8220;{}&#8220;]<\/p>\n<p>Hier finden Sie Beschreibungen der Module, mit denen Sie cimoio auf ihren Anwendungsfall anpassen k\u00f6nnen und so einen reibungslosen Trainingsprozess sicherstellen.<\/p>\n<p>[\/et_pb_cta][\/et_pb_column][et_pb_column type=&#8220;1_3&#8243; _builder_version=&#8220;4.16&#8243; _module_preset=&#8220;default&#8220; global_colors_info=&#8220;{}&#8220;][et_pb_cta title=&#8220;Die sch\u00f6nsten Portale, die wir bisher gestaltet haben&#8220; button_url=&#8220;@ET-DC@eyJkeW5hbWljIjp0cnVlLCJjb250ZW50IjoicG9zdF9saW5rX3VybF9wYWdlIiwic2V0dGluZ3MiOnsicG9zdF9pZCI6IjE0NSJ9fQ==@&#8220; button_text=&#8220;Lesen Sie mehr&#8220; _builder_version=&#8220;4.9.10&#8243; _dynamic_attributes=&#8220;button_url&#8220; _module_preset=&#8220;default&#8220; global_module=&#8220;1911&#8243; global_colors_info=&#8220;{}&#8220;]<\/p>\n<p>Corporate Identity &amp; Employer Branding spielen in allen Projekten eine Rolle. Wer Trainings anbietet, m\u00f6chte dabei auch seine Marke sch\u00f6n pr\u00e4sentieren<br \/>&#8211; dabei helfen unsere Portale.<\/p>\n<p>[\/et_pb_cta][\/et_pb_column][\/et_pb_row][\/et_pb_section]<\/p>\n","protected":false},"excerpt":{"rendered":"<p>Was ist cimoio? Ein TMS &#8211; LMS &#8211; LXP? In K\u00fcrze: ein Trainingsmanagementsystemcimoio, das Trainingsmanagementsystem der STL GmbH! Viele K\u00fcrzel und Begriffe sind im Internet rund um Trainingsmanagement zu lesen: LMS, TMS, LXP LRS sowie L&amp;D, PE und viele mehr. Aber was bedeuten die dahinter stehenden Begriffe eigentlich? Da gibt es zuerst die Antwort, was [&hellip;]<\/p>\n","protected":false},"author":3,"featured_media":0,"parent":322,"menu_order":1,"comment_status":"closed","ping_status":"closed","template":"","meta":{"_et_pb_use_builder":"on","_et_pb_old_content":"","_et_gb_content_width":"","inline_featured_image":false,"footnotes":""},"class_list":["post-640","page","type-page","status-publish","hentry"],"yoast_head":"<!-- This site is optimized with the Yoast SEO plugin v27.4 - https:\/\/yoast.com\/product\/yoast-seo-wordpress\/ -->\n<title>cimoio - Trainingsmanagementsystem<\/title>\n<meta name=\"description\" content=\"Was ist cimoio \u2753 In wenigen Worten beschreiben wir unser kombiniertes Learningmanagement- und Trainingsmanagementsystem cimoio \u2757\" \/>\n<meta name=\"robots\" content=\"index, follow, max-snippet:-1, max-image-preview:large, max-video-preview:-1\" \/>\n<link rel=\"canonical\" href=\"https:\/\/www.cimoio.de\/cms\/cimoio-und-module\/was-ist-cimoio\/\" \/>\n<meta property=\"og:locale\" content=\"de_DE\" \/>\n<meta property=\"og:type\" content=\"article\" \/>\n<meta property=\"og:title\" content=\"cimoio - Trainingsmanagementsystem\" \/>\n<meta property=\"og:description\" content=\"Was ist cimoio \u2753 In wenigen Worten beschreiben wir unser kombiniertes Learningmanagement- und Trainingsmanagementsystem cimoio \u2757\" \/>\n<meta property=\"og:url\" content=\"https:\/\/www.cimoio.de\/cms\/cimoio-und-module\/was-ist-cimoio\/\" \/>\n<meta property=\"og:site_name\" content=\"cimoio\" \/>\n<meta property=\"article:modified_time\" content=\"2025-07-09T13:24:51+00:00\" \/>\n<meta name=\"twitter:card\" content=\"summary_large_image\" \/>\n<script type=\"application\/ld+json\" class=\"yoast-schema-graph\">{\"@context\":\"https:\\\/\\\/schema.org\",\"@graph\":[{\"@type\":\"WebPage\",\"@id\":\"https:\\\/\\\/www.cimoio.de\\\/cms\\\/cimoio-und-module\\\/was-ist-cimoio\\\/\",\"url\":\"https:\\\/\\\/www.cimoio.de\\\/cms\\\/cimoio-und-module\\\/was-ist-cimoio\\\/\",\"name\":\"cimoio - Trainingsmanagementsystem\",\"isPartOf\":{\"@id\":\"https:\\\/\\\/www.cimoio.de\\\/cms\\\/#website\"},\"datePublished\":\"2021-07-28T14:28:53+00:00\",\"dateModified\":\"2025-07-09T13:24:51+00:00\",\"description\":\"Was ist cimoio \u2753 In wenigen Worten beschreiben wir unser kombiniertes Learningmanagement- und Trainingsmanagementsystem cimoio \u2757\",\"breadcrumb\":{\"@id\":\"https:\\\/\\\/www.cimoio.de\\\/cms\\\/cimoio-und-module\\\/was-ist-cimoio\\\/#breadcrumb\"},\"inLanguage\":\"de\",\"potentialAction\":[{\"@type\":\"ReadAction\",\"target\":[\"https:\\\/\\\/www.cimoio.de\\\/cms\\\/cimoio-und-module\\\/was-ist-cimoio\\\/\"]}]},{\"@type\":\"BreadcrumbList\",\"@id\":\"https:\\\/\\\/www.cimoio.de\\\/cms\\\/cimoio-und-module\\\/was-ist-cimoio\\\/#breadcrumb\",\"itemListElement\":[{\"@type\":\"ListItem\",\"position\":1,\"name\":\"Home\",\"item\":\"https:\\\/\\\/www.cimoio.de\\\/cms\\\/\"},{\"@type\":\"ListItem\",\"position\":2,\"name\":\"cimoio-Module\",\"item\":\"https:\\\/\\\/www.cimoio.de\\\/cms\\\/cimoio-und-module\\\/\"},{\"@type\":\"ListItem\",\"position\":3,\"name\":\"cimoio &#8211; Trainingsmanagementsystem\"}]},{\"@type\":\"WebSite\",\"@id\":\"https:\\\/\\\/www.cimoio.de\\\/cms\\\/#website\",\"url\":\"https:\\\/\\\/www.cimoio.de\\\/cms\\\/\",\"name\":\"cimoio\",\"description\":\"Trainingsmanagement Software f\u00fcr Unternehmen\",\"publisher\":{\"@id\":\"https:\\\/\\\/www.cimoio.de\\\/cms\\\/#organization\"},\"potentialAction\":[{\"@type\":\"SearchAction\",\"target\":{\"@type\":\"EntryPoint\",\"urlTemplate\":\"https:\\\/\\\/www.cimoio.de\\\/cms\\\/?s={search_term_string}\"},\"query-input\":{\"@type\":\"PropertyValueSpecification\",\"valueRequired\":true,\"valueName\":\"search_term_string\"}}],\"inLanguage\":\"de\"},{\"@type\":\"Organization\",\"@id\":\"https:\\\/\\\/www.cimoio.de\\\/cms\\\/#organization\",\"name\":\"STL GmbH\",\"url\":\"https:\\\/\\\/www.cimoio.de\\\/cms\\\/\",\"logo\":{\"@type\":\"ImageObject\",\"inLanguage\":\"de\",\"@id\":\"https:\\\/\\\/www.cimoio.de\\\/cms\\\/#\\\/schema\\\/logo\\\/image\\\/\",\"url\":\"https:\\\/\\\/www.cimoio.de\\\/cms\\\/wp-content\\\/uploads\\\/2021\\\/04\\\/Logo_stl_mc_cyan_1673x261.png\",\"contentUrl\":\"https:\\\/\\\/www.cimoio.de\\\/cms\\\/wp-content\\\/uploads\\\/2021\\\/04\\\/Logo_stl_mc_cyan_1673x261.png\",\"width\":1673,\"height\":261,\"caption\":\"STL GmbH\"},\"image\":{\"@id\":\"https:\\\/\\\/www.cimoio.de\\\/cms\\\/#\\\/schema\\\/logo\\\/image\\\/\"},\"sameAs\":[\"https:\\\/\\\/de.linkedin.com\\\/company\\\/stl-gmbh\"]}]}<\/script>\n<!-- \/ Yoast SEO plugin. -->","yoast_head_json":{"title":"cimoio - Trainingsmanagementsystem","description":"Was ist cimoio \u2753 In wenigen Worten beschreiben wir unser kombiniertes Learningmanagement- und Trainingsmanagementsystem cimoio \u2757","robots":{"index":"index","follow":"follow","max-snippet":"max-snippet:-1","max-image-preview":"max-image-preview:large","max-video-preview":"max-video-preview:-1"},"canonical":"https:\/\/www.cimoio.de\/cms\/cimoio-und-module\/was-ist-cimoio\/","og_locale":"de_DE","og_type":"article","og_title":"cimoio - Trainingsmanagementsystem","og_description":"Was ist cimoio \u2753 In wenigen Worten beschreiben wir unser kombiniertes Learningmanagement- und Trainingsmanagementsystem cimoio \u2757","og_url":"https:\/\/www.cimoio.de\/cms\/cimoio-und-module\/was-ist-cimoio\/","og_site_name":"cimoio","article_modified_time":"2025-07-09T13:24:51+00:00","twitter_card":"summary_large_image","schema":{"@context":"https:\/\/schema.org","@graph":[{"@type":"WebPage","@id":"https:\/\/www.cimoio.de\/cms\/cimoio-und-module\/was-ist-cimoio\/","url":"https:\/\/www.cimoio.de\/cms\/cimoio-und-module\/was-ist-cimoio\/","name":"cimoio - Trainingsmanagementsystem","isPartOf":{"@id":"https:\/\/www.cimoio.de\/cms\/#website"},"datePublished":"2021-07-28T14:28:53+00:00","dateModified":"2025-07-09T13:24:51+00:00","description":"Was ist cimoio \u2753 In wenigen Worten beschreiben wir unser kombiniertes Learningmanagement- und Trainingsmanagementsystem cimoio \u2757","breadcrumb":{"@id":"https:\/\/www.cimoio.de\/cms\/cimoio-und-module\/was-ist-cimoio\/#breadcrumb"},"inLanguage":"de","potentialAction":[{"@type":"ReadAction","target":["https:\/\/www.cimoio.de\/cms\/cimoio-und-module\/was-ist-cimoio\/"]}]},{"@type":"BreadcrumbList","@id":"https:\/\/www.cimoio.de\/cms\/cimoio-und-module\/was-ist-cimoio\/#breadcrumb","itemListElement":[{"@type":"ListItem","position":1,"name":"Home","item":"https:\/\/www.cimoio.de\/cms\/"},{"@type":"ListItem","position":2,"name":"cimoio-Module","item":"https:\/\/www.cimoio.de\/cms\/cimoio-und-module\/"},{"@type":"ListItem","position":3,"name":"cimoio &#8211; Trainingsmanagementsystem"}]},{"@type":"WebSite","@id":"https:\/\/www.cimoio.de\/cms\/#website","url":"https:\/\/www.cimoio.de\/cms\/","name":"cimoio","description":"Trainingsmanagement Software f\u00fcr Unternehmen","publisher":{"@id":"https:\/\/www.cimoio.de\/cms\/#organization"},"potentialAction":[{"@type":"SearchAction","target":{"@type":"EntryPoint","urlTemplate":"https:\/\/www.cimoio.de\/cms\/?s={search_term_string}"},"query-input":{"@type":"PropertyValueSpecification","valueRequired":true,"valueName":"search_term_string"}}],"inLanguage":"de"},{"@type":"Organization","@id":"https:\/\/www.cimoio.de\/cms\/#organization","name":"STL GmbH","url":"https:\/\/www.cimoio.de\/cms\/","logo":{"@type":"ImageObject","inLanguage":"de","@id":"https:\/\/www.cimoio.de\/cms\/#\/schema\/logo\/image\/","url":"https:\/\/www.cimoio.de\/cms\/wp-content\/uploads\/2021\/04\/Logo_stl_mc_cyan_1673x261.png","contentUrl":"https:\/\/www.cimoio.de\/cms\/wp-content\/uploads\/2021\/04\/Logo_stl_mc_cyan_1673x261.png","width":1673,"height":261,"caption":"STL GmbH"},"image":{"@id":"https:\/\/www.cimoio.de\/cms\/#\/schema\/logo\/image\/"},"sameAs":["https:\/\/de.linkedin.com\/company\/stl-gmbh"]}]}},"_links":{"self":[{"href":"https:\/\/www.cimoio.de\/cms\/wp-json\/wp\/v2\/pages\/640","targetHints":{"allow":["GET"]}}],"collection":[{"href":"https:\/\/www.cimoio.de\/cms\/wp-json\/wp\/v2\/pages"}],"about":[{"href":"https:\/\/www.cimoio.de\/cms\/wp-json\/wp\/v2\/types\/page"}],"author":[{"embeddable":true,"href":"https:\/\/www.cimoio.de\/cms\/wp-json\/wp\/v2\/users\/3"}],"replies":[{"embeddable":true,"href":"https:\/\/www.cimoio.de\/cms\/wp-json\/wp\/v2\/comments?post=640"}],"version-history":[{"count":56,"href":"https:\/\/www.cimoio.de\/cms\/wp-json\/wp\/v2\/pages\/640\/revisions"}],"predecessor-version":[{"id":4618,"href":"https:\/\/www.cimoio.de\/cms\/wp-json\/wp\/v2\/pages\/640\/revisions\/4618"}],"up":[{"embeddable":true,"href":"https:\/\/www.cimoio.de\/cms\/wp-json\/wp\/v2\/pages\/322"}],"wp:attachment":[{"href":"https:\/\/www.cimoio.de\/cms\/wp-json\/wp\/v2\/media?parent=640"}],"curies":[{"name":"wp","href":"https:\/\/api.w.org\/{rel}","templated":true}]}}